{"id":1158,"date":"2022-06-15T07:41:41","date_gmt":"2022-06-15T05:41:41","guid":{"rendered":"https:\/\/nicktesting.kinsta.cloud\/shopdiko1\/?page_id=1158"},"modified":"2025-10-26T22:25:01","modified_gmt":"2025-10-26T21:25:01","slug":"about","status":"publish","type":"page","link":"https:\/\/www.dolawendy.pl\/en\/about\/","title":{"rendered":"About"},"content":{"rendered":"<div data-elementor-type=\"wp-page\" data-elementor-id=\"1158\" class=\"elementor elementor-1158\">\n\t\t\t\t\t\t<section class=\"elementor-section elementor-top-section elementor-element elementor-element-3275fb5 elementor-section-boxed elementor-section-height-default elementor-section-height-default wpr-particle-no wpr-jarallax-no wpr-parallax-no wpr-sticky-section-no wpr-column-slider-no wpr-equal-height-no\" data-id=\"3275fb5\" data-element_type=\"section\" data-e-type=\"section\" data-settings=\"{&quot;background_background&quot;:&quot;classic&quot;}\">\n\t\t\t\t\t\t<div class=\"elementor-container elementor-column-gap-default\">\n\t\t\t\t\t<div class=\"elementor-column elementor-col-100 elementor-top-column elementor-element elementor-element-1d96d2a\" data-id=\"1d96d2a\" data-element_type=\"column\" data-e-type=\"column\" data-settings=\"{&quot;background_background&quot;:&quot;classic&quot;}\">\n\t\t\t<div class=\"elementor-widget-wrap elementor-element-populated\">\n\t\t\t\t\t<div class=\"elementor-background-overlay\"><\/div>\n\t\t\t\t\t\t<div class=\"elementor-element elementor-element-42b2bcd elementor-widget elementor-widget-spacer\" data-id=\"42b2bcd\" data-element_type=\"widget\" data-e-type=\"widget\" data-widget_type=\"spacer.default\">\n\t\t\t\t\t\t\t<div class=\"elementor-spacer\">\n\t\t\t<div class=\"elementor-spacer-inner\"><\/div>\n\t\t<\/div>\n\t\t\t\t\t\t<\/div>\n\t\t\t\t<div class=\"elementor-element elementor-element-e067e97 elementor-widget elementor-widget-heading\" data-id=\"e067e97\" data-element_type=\"widget\" data-e-type=\"widget\" data-widget_type=\"heading.default\">\n\t\t\t\t\t<h2 class=\"elementor-heading-title elementor-size-default\">About us<\/h2>\t\t\t\t<\/div>\n\t\t\t\t<div class=\"elementor-element elementor-element-b5362e2 elementor-widget elementor-widget-spacer\" data-id=\"b5362e2\" data-element_type=\"widget\" data-e-type=\"widget\" data-widget_type=\"spacer.default\">\n\t\t\t\t\t\t\t<div class=\"elementor-spacer\">\n\t\t\t<div class=\"elementor-spacer-inner\"><\/div>\n\t\t<\/div>\n\t\t\t\t\t\t<\/div>\n\t\t\t\t\t<\/div>\n\t\t<\/div>\n\t\t\t\t\t<\/div>\n\t\t<\/section>\n\t\t\t\t<section class=\"elementor-section elementor-top-section elementor-element elementor-element-dfeb6b3 elementor-section-boxed elementor-section-height-default elementor-section-height-default wpr-particle-no wpr-jarallax-no wpr-parallax-no wpr-sticky-section-no wpr-column-slider-no wpr-equal-height-no\" data-id=\"dfeb6b3\" data-element_type=\"section\" data-e-type=\"section\">\n\t\t\t\t\t\t<div class=\"elementor-container elementor-column-gap-default\">\n\t\t\t\t\t<div class=\"elementor-column elementor-col-100 elementor-top-column elementor-element elementor-element-8ee6fad\" data-id=\"8ee6fad\" data-element_type=\"column\" data-e-type=\"column\">\n\t\t\t<div class=\"elementor-widget-wrap elementor-element-populated\">\n\t\t\t\t\t\t<div class=\"elementor-element elementor-element-e0c3ecf elementor-widget elementor-widget-heading\" data-id=\"e0c3ecf\" data-element_type=\"widget\" data-e-type=\"widget\" data-widget_type=\"heading.default\">\n\t\t\t\t\t<h2 class=\"elementor-heading-title elementor-size-default\">Dear Guest,<\/h2>\t\t\t\t<\/div>\n\t\t\t\t<div class=\"elementor-element elementor-element-3b83f3c elementor-widget elementor-widget-text-editor\" data-id=\"3b83f3c\" data-element_type=\"widget\" data-e-type=\"widget\" data-widget_type=\"text-editor.default\">\n\t\t\t\t\t\t\t\t\t<h3><b style=\"font-size: 1rem;\">Cieszymy si\u0119, \u017ce do nas zajrza\u0142e\u015b\/zajrza\u0142a\u015b!<\/b><span style=\"font-size: 1rem;\"> Ch\u0119tnie opowiemy Ci, jak to si\u0119 sta\u0142o, \u017ce pokochali\u015bmy lawend\u0119 i stworzyli\u015bmy to miejsce.<\/span><\/h3><p>Nasza historia zacz\u0119\u0142a si\u0119 w momencie, gdy zgie\u0142k Wroc\u0142awia zamienili\u015bmy na <b>spok\u00f3j Ga\u0142owa<\/b>. Po przeprowadzce stan\u0119li\u015bmy przed wyzwaniem: co zrobi\u0107 z ziemi\u0105 wok\u00f3\u0142 domu? Szybko odkryli\u015bmy, \u017ce najlepsz\u0105 inspiracj\u0105 jest to, co nas otacza.<\/p><p>Otaczaj\u0105ca nas przyroda \u2013 \u015bpiew ptak\u00f3w, przelatuj\u0105ce \u017curawie i szum pobliskich rzek \u2013 sprawi\u0142a, \u017ce <b>zacz\u0119li\u015bmy docenia\u0107 prosty, wiejski rytm \u017cycia<\/b>. Ten spok\u00f3j, kt\u00f3ry jest na wyci\u0105gni\u0119cie r\u0119ki, zmieni\u0142 nasz\u0105 perspektyw\u0119.<\/p><p>Ogr\u00f3d sta\u0142 si\u0119 nasz\u0105 <b>szko\u0142\u0105 cierpliwo\u015bci<\/b>. Uczyli\u015bmy si\u0119 go od podstaw, metod\u0105 pr\u00f3b i b\u0142\u0119d\u00f3w. W\u0142a\u015bnie wtedy, w trakcie prac, pojawi\u0142a si\u0119 <b>lawenda<\/b>.<\/p><p>Skromna, a jednocze\u015bnie <b>hipnotyzuj\u0105ca<\/b>. Jej zapach koi, a kolor uspokaja. Gdy latem brz\u0119cz\u0105 nad ni\u0105 pszczo\u0142y i trzmiele, a powietrze wype\u0142nia si\u0119 jej aromatem \u2013 po prostu czujesz, jak <b>\u015bwiat zwalnia<\/b>. To by\u0142 moment, w kt\u00f3rym lawenda na sta\u0142e zago\u015bci\u0142a w naszych planach.<\/p><p>Pocz\u0105tkowo lawenda by\u0142a tylko dla nas \u2013 nasz\u0105 ma\u0142\u0105, domow\u0105 odskoczni\u0105. Ale gdy zobaczyli\u015bmy, jak pi\u0119knie i zdrowo si\u0119 rozrasta, przysz\u0142a my\u015bl: <b>mo\u017ce powinni\u015bmy podzieli\u0107 si\u0119 tym aromatem i spokojem tak\u017ce z innymi?<\/b><\/p><p>That's how the idea for <b>dolawendy.pl<\/b> \u2013 miejsce, w kt\u00f3rym dzielimy si\u0119 nasz\u0105 pasj\u0105 do lawendy i jej produktami, wierz\u0105c, \u017ce ten ma\u0142y kawa\u0142ek natury przyniesie i Tobie troch\u0119 rado\u015bci.<\/p><p>Dzi\u0119kujemy, \u017ce jeste\u015b. <b>Zapraszamy Ci\u0119 w t\u0119 aromatyczn\u0105 podr\u00f3\u017c razem z nami!<\/b><\/p><p>Z ciep\u0142ymi pozdrowieniami,<\/p>\t\t\t\t\t\t\t\t<\/div>\n\t\t\t\t<div class=\"elementor-element elementor-element-f26fe03 elementor-widget elementor-widget-image\" data-id=\"f26fe03\" data-element_type=\"widget\" data-e-type=\"widget\" data-widget_type=\"image.default\">\n\t\t\t\t\t\t\t\t\t\t\t\t\t\t\t<img decoding=\"async\" src=\"https:\/\/www.dolawendy.pl\/wp-content\/uploads\/elementor\/thumbs\/ChatGPT-Image-22-sie-2025-11_53_41-ramlfssei1vbbrzoj5ypdwapxdnymjtj7731fhxx1k.png\" title=\"ChatGPT Image 22 sie 2025, 11_53_41\" alt=\"ChatGPT Image 22 sie 2025, 11_53_41\" loading=\"lazy\" \/>\t\t\t\t\t\t\t\t\t\t\t\t\t\t\t<\/div>\n\t\t\t\t\t<\/div>\n\t\t<\/div>\n\t\t\t\t\t<\/div>\n\t\t<\/section>\n\t\t\t\t<\/div>","protected":false},"excerpt":{"rendered":"<p>O nas Drogi Go\u015bciu, Cieszymy si\u0119, \u017ce do nas zajrza\u0142e\u015b\/zajrza\u0142a\u015b! Ch\u0119tnie opowiemy Ci, jak to si\u0119 sta\u0142o, \u017ce pokochali\u015bmy lawend\u0119 i stworzyli\u015bmy to miejsce. Nasza historia zacz\u0119\u0142a si\u0119 w momencie, gdy zgie\u0142k Wroc\u0142awia zamienili\u015bmy na spok\u00f3j Ga\u0142owa. Po przeprowadzce stan\u0119li\u015bmy przed wyzwaniem: co zrobi\u0107 z ziemi\u0105 wok\u00f3\u0142 domu? Szybko odkryli\u015bmy, \u017ce najlepsz\u0105 inspiracj\u0105 jest to, co nas otacza. Otaczaj\u0105ca nas przyroda \u2013 \u015bpiew ptak\u00f3w, przelatuj\u0105ce \u017curawie i szum pobliskich rzek \u2013 sprawi\u0142a, \u017ce zacz\u0119li\u015bmy docenia\u0107 prosty, wiejski rytm \u017cycia. Ten spok\u00f3j, kt\u00f3ry jest na wyci\u0105gni\u0119cie r\u0119ki, zmieni\u0142 nasz\u0105 perspektyw\u0119. Ogr\u00f3d sta\u0142 si\u0119 nasz\u0105 szko\u0142\u0105 cierpliwo\u015bci. Uczyli\u015bmy si\u0119 go od podstaw, metod\u0105 pr\u00f3b i b\u0142\u0119d\u00f3w. W\u0142a\u015bnie wtedy, w trakcie prac, pojawi\u0142a si\u0119 lawenda. Skromna, a jednocze\u015bnie hipnotyzuj\u0105ca. Jej zapach koi, a kolor uspokaja. Gdy latem brz\u0119cz\u0105 nad ni\u0105 pszczo\u0142y i trzmiele, a powietrze wype\u0142nia si\u0119 jej aromatem \u2013 po prostu czujesz, jak \u015bwiat zwalnia. To by\u0142 moment, w kt\u00f3rym lawenda na sta\u0142e zago\u015bci\u0142a w naszych planach. Pocz\u0105tkowo lawenda by\u0142a tylko dla nas \u2013 nasz\u0105 ma\u0142\u0105, domow\u0105 odskoczni\u0105. Ale gdy zobaczyli\u015bmy, jak pi\u0119knie i zdrowo si\u0119 rozrasta, przysz\u0142a my\u015bl: mo\u017ce powinni\u015bmy podzieli\u0107 si\u0119 tym aromatem i spokojem tak\u017ce z innymi? Tak w\u0142a\u015bnie narodzi\u0142 si\u0119 pomys\u0142 na dolawendy.pl \u2013 miejsce, w kt\u00f3rym dzielimy si\u0119 nasz\u0105 pasj\u0105 do lawendy i jej produktami, wierz\u0105c, \u017ce ten ma\u0142y kawa\u0142ek natury przyniesie i Tobie troch\u0119 rado\u015bci. Dzi\u0119kujemy, \u017ce jeste\u015b. Zapraszamy Ci\u0119 w t\u0119 aromatyczn\u0105 podr\u00f3\u017c razem z nami! Z ciep\u0142ymi pozdrowieniami,<\/p>","protected":false},"author":1,"featured_media":0,"parent":0,"menu_order":0,"comment_status":"closed","ping_status":"closed","template":"elementor_canvas","meta":{"footnotes":""},"class_list":["post-1158","page","type-page","status-publish","hentry"],"aioseo_notices":[],"jetpack_sharing_enabled":true,"_links":{"self":[{"href":"https:\/\/www.dolawendy.pl\/en\/wp-json\/wp\/v2\/pages\/1158","targetHints":{"allow":["GET"]}}],"collection":[{"href":"https:\/\/www.dolawendy.pl\/en\/wp-json\/wp\/v2\/pages"}],"about":[{"href":"https:\/\/www.dolawendy.pl\/en\/wp-json\/wp\/v2\/types\/page"}],"author":[{"embeddable":true,"href":"https:\/\/www.dolawendy.pl\/en\/wp-json\/wp\/v2\/users\/1"}],"replies":[{"embeddable":true,"href":"https:\/\/www.dolawendy.pl\/en\/wp-json\/wp\/v2\/comments?post=1158"}],"version-history":[{"count":39,"href":"https:\/\/www.dolawendy.pl\/en\/wp-json\/wp\/v2\/pages\/1158\/revisions"}],"predecessor-version":[{"id":6014,"href":"https:\/\/www.dolawendy.pl\/en\/wp-json\/wp\/v2\/pages\/1158\/revisions\/6014"}],"wp:attachment":[{"href":"https:\/\/www.dolawendy.pl\/en\/wp-json\/wp\/v2\/media?parent=1158"}],"curies":[{"name":"wp","href":"https:\/\/api.w.org\/{rel}","templated":true}]}}