{"id":2218,"date":"2025-08-18T22:39:49","date_gmt":"2025-08-18T20:39:49","guid":{"rendered":"https:\/\/dev.dolawendy.pl\/?post_type=product&#038;p=2218"},"modified":"2026-05-11T15:44:49","modified_gmt":"2026-05-11T13:44:49","slug":"hydrolat-lawendowy","status":"publish","type":"product","link":"https:\/\/www.dolawendy.pl\/en\/product\/hydrolat-lawendowy\/","title":{"rendered":"Lavender Waterl"},"content":{"rendered":"<p>Hydrolat lawendowy produkujemy z uprawianej przez nas lawendy w\u0105skolistnej (<em>Lavandula angustifolia<\/em>). Co wi\u0119cej, nasze pole znajduje si\u0119 w malowniczym Parku Krajobrazowym Dolina Bystrzycy, gdzie lawend\u0119 uprawiamy z pasj\u0105 i szacunkiem dla natury. Dodatkowo, proces destylacji prowadzimy sami, tradycyjn\u0105 metod\u0105 z wykorzystaniem alembika miedzianego, co pozwala nam dba\u0107 o najwy\u017csz\u0105 jako\u015b\u0107 i \u015bwie\u017co\u015b\u0107 ka\u017cdej kropli produktu. W rezultacie, mo\u017cemy zaoferowa\u0107 Ci produkt prawdziwie naturalny i w pe\u0142ni warto\u015bciowy \u2013 prosto z naszego pola.<\/p>\n<p><strong>Sk\u0142ad:<\/strong><\/p>\n<ul>\n<li>100% hydrolat z lawendy w\u0105skolistnej (<em>Lavandula angustifolia<\/em>), bez dodatk\u00f3w, takich jak konserwanty czy sztuczne barwniki.<\/li>\n<\/ul>\n<p><strong>W\u0142a\u015bciwo\u015bci:<\/strong><\/p>\n<ul>\n<li><strong>Po pierwsze<\/strong>, dzia\u0142a antybakteryjnie i przeciwzapalnie (\u017ar\u00f3d\u0142o: <a href=\"http:\/\/www.postepyfitoterapii.pl\/wp-content\/uploads\/2017\/09\/pf_2017_113-118.pdf\" target=\"_new\" rel=\"noopener\">postepyfitoterapii.pl<\/a>).<\/li>\n<li><strong>Co wi\u0119cej<\/strong>, nawil\u017ca, od\u015bwie\u017ca i tonizuje.<\/li>\n<li><strong>Dodatkowo<\/strong>, reguluje wydzielanie sebum.<\/li>\n<li><strong>Ponadto<\/strong>, koi i \u0142agodzi podra\u017cnienia oraz zaczerwienienia.<\/li>\n<li><strong>Na koniec<\/strong>, uspokaja emocje, pomagaj\u0105c \u0142agodzi\u0107 stres i zmniejsza\u0107 zm\u0119czenie psychiczne.<\/li>\n<\/ul>\n<p><strong>Zastosowanie:<\/strong><\/p>\n<ul>\n<li><strong>Przede wszystkim<\/strong> u\u017cywaj go jako toniku do twarzy.<\/li>\n<li><strong>R\u00f3wnie\u017c<\/strong> spryskaj cia\u0142o u\u017cywaj\u0105c go jako mgie\u0142ki.<\/li>\n<li><strong>Co ciekawe<\/strong>, sprawdzi si\u0119 jako mgie\u0142ka do po\u015bcieli.<\/li>\n<li><strong>\u015awietnie nadaje si\u0119<\/strong> do preparat\u00f3w \u0142agodz\u0105cych aplikuj\u0105c go po podra\u017cnieniach po s\u0142o\u0144cu.<\/li>\n<li><strong>Dodatkowo<\/strong>, dzia\u0142a jako p\u0142ukanka do w\u0142os\u00f3w t\u0142ustych i z \u0142upie\u017cem aby je od\u017cywi\u0107.<\/li>\n<li><strong>Mo\u017cna go tak\u017ce u\u017cywa\u0107<\/strong> jako zamiennika wody do maseczek.<\/li>\n<li><strong>Idealnie sprawdzi si\u0119<\/strong> jako zamiennik wody w recepturach kosmetycznych.<\/li>\n<li><strong>Na koniec<\/strong>, w aromaterapii \u2013 relaksuje i u\u0142atwia zasypianie.<\/li>\n<\/ul>\n<h4>Opakowanie:<\/h4>\n<p>Nasz hydrolat zamkni\u0119ty jest w eleganckiej, ciemnej szklanej butelce o pojemno\u015bci 100 ml z praktycznym atomizerem, co pozwala na zachowanie d\u0142ugotrwa\u0142o\u015bci i \u015bwie\u017co\u015bci produktu. Dzi\u0119ki temu ciemne szk\u0142o chroni hydrolat przed promieniowaniem UV, zapewniaj\u0105c najwy\u017csz\u0105 jako\u015b\u0107 przez d\u0142ugi czas.<\/p>\n<h3><strong>Dlaczego warto wybra\u0107 nasz hydrolat lawendowy?<\/strong><\/h3>\n<ul>\n<li>Uprawiamy lawend\u0119 w harmonii z natur\u0105, na terenie chronionym Parku Krajobrazowego Dolina Bystrzycy.<\/li>\n<li>Destylujemy lawend\u0119 w\u0105skolistn\u0105 \u2013 najbardziej warto\u015bciow\u0105 odmian\u0119 lawendy.<\/li>\n<li>Pozyskujemy hydrolat tradycyjn\u0105 metod\u0105 w miedzianym alembiku, co pozwala zachowa\u0107 wszystkie cenne w\u0142a\u015bciwo\u015bci lawendy.<\/li>\n<li>Starannie przygotowujemy ka\u017cd\u0105 butelk\u0119 i pakujemy j\u0105 z czu\u0142o\u015bci\u0105 i dba\u0142o\u015bci\u0105 o szczeg\u00f3\u0142y.<\/li>\n<\/ul>\n<h4>Kraj pochodzenia:<\/h4>\n<p>Polska<\/p>\n<h4>Informacje dodatkowe:<\/h4>\n<p>Nasz hydrolat mo\u017ce by\u0107 wykorzystywany jako surowiec kosmetyczny. Posiadamy kart\u0119 charakterystyki. Nasz hydrolat jest produkowany z tych samych kwiat\u00f3w lawendy, kt\u00f3rych susz mo\u017cecie kupi\u0107 <a href=\"https:\/\/www.dolawendy.pl\/en\/product\/susz-lawendowy\/\">tutaj<\/a> oraz poduszka wype\u0142niona lawend\u0105 dost\u0119pna <a href=\"https:\/\/www.dolawendy.pl\/en\/product\/poduszka-lawendowa-40x40cm\/\">tutaj<\/a><\/p>","protected":false},"excerpt":{"rendered":"<p>Hydrolat lawendowy, r\u0119cznie destylowany w Polsce, doskona\u0142y do piel\u0119gnacji sk\u00f3ry, w\u0142os\u00f3w i aromaterapii. Bez alkoholu i konserwant\u00f3w, w ciemnej butelce.<\/p>","protected":false},"featured_media":2228,"comment_status":"open","ping_status":"closed","template":"","meta":[],"product_brand":[],"product_cat":[46,47,48],"product_tag":[49,50,51,52,53,54],"class_list":{"0":"post-2218","1":"product","2":"type-product","3":"status-publish","4":"has-post-thumbnail","6":"product_cat-aromaterapia","7":"product_cat-kosmetyki-naturalne","8":"product_cat-produkty-do-pielegnacji-skory","9":"product_tag-aromaterapia","10":"product_tag-hydrolat","11":"product_tag-lawenda","12":"product_tag-naturalne-kosmetyki","13":"product_tag-pielegnacja-skory","14":"product_tag-polska-produkcja","16":"first","17":"instock","18":"taxable","19":"shipping-taxable","20":"purchasable","21":"product-type-simple"},"aioseo_notices":[],"jetpack_sharing_enabled":true,"_links":{"self":[{"href":"https:\/\/www.dolawendy.pl\/en\/wp-json\/wp\/v2\/product\/2218","targetHints":{"allow":["GET"]}}],"collection":[{"href":"https:\/\/www.dolawendy.pl\/en\/wp-json\/wp\/v2\/product"}],"about":[{"href":"https:\/\/www.dolawendy.pl\/en\/wp-json\/wp\/v2\/types\/product"}],"replies":[{"embeddable":true,"href":"https:\/\/www.dolawendy.pl\/en\/wp-json\/wp\/v2\/comments?post=2218"}],"version-history":[{"count":1,"href":"https:\/\/www.dolawendy.pl\/en\/wp-json\/wp\/v2\/product\/2218\/revisions"}],"predecessor-version":[{"id":5831,"href":"https:\/\/www.dolawendy.pl\/en\/wp-json\/wp\/v2\/product\/2218\/revisions\/5831"}],"wp:featuredmedia":[{"embeddable":true,"href":"https:\/\/www.dolawendy.pl\/en\/wp-json\/wp\/v2\/media\/2228"}],"wp:attachment":[{"href":"https:\/\/www.dolawendy.pl\/en\/wp-json\/wp\/v2\/media?parent=2218"}],"wp:term":[{"taxonomy":"product_brand","embeddable":true,"href":"https:\/\/www.dolawendy.pl\/en\/wp-json\/wp\/v2\/product_brand?post=2218"},{"taxonomy":"product_cat","embeddable":true,"href":"https:\/\/www.dolawendy.pl\/en\/wp-json\/wp\/v2\/product_cat?post=2218"},{"taxonomy":"product_tag","embeddable":true,"href":"https:\/\/www.dolawendy.pl\/en\/wp-json\/wp\/v2\/product_tag?post=2218"}],"curies":[{"name":"wp","href":"https:\/\/api.w.org\/{rel}","templated":true}]}}