{"id":2220,"date":"2025-08-18T22:39:49","date_gmt":"2025-08-18T20:39:49","guid":{"rendered":"https:\/\/dev.dolawendy.pl\/?post_type=product&#038;p=2220"},"modified":"2026-05-11T15:44:49","modified_gmt":"2026-05-11T13:44:49","slug":"woreczek-z-suszona-lawenda","status":"publish","type":"product","link":"https:\/\/www.dolawendy.pl\/en\/product\/woreczek-z-suszona-lawenda\/","title":{"rendered":"Bag with dried lavender"},"content":{"rendered":"<div data-elementor-type=\"wp-post\" data-elementor-id=\"2220\" class=\"elementor elementor-2220\">\n\t\t\t\t<div class=\"elementor-element elementor-element-23a9313a e-flex e-con-boxed wpr-particle-no wpr-jarallax-no wpr-parallax-no wpr-sticky-section-no wpr-column-slider-no wpr-equal-height-no e-con e-parent\" data-id=\"23a9313a\" data-element_type=\"container\" data-e-type=\"container\">\n\t\t\t\t\t<div class=\"e-con-inner\">\n\t\t\t\t<div class=\"elementor-element elementor-element-4005f0bd elementor-widget elementor-widget-text-editor\" data-id=\"4005f0bd\" data-element_type=\"widget\" data-e-type=\"widget\" data-widget_type=\"text-editor.default\">\n\t\t\t\t\t\t\t\t\t<p>Woreczki wype\u0142niamy lawend\u0105, kt\u00f3r\u0105 uprawiamy w malowniczym Parku Krajobrazowym Dolina Bystrzycy.\u00a0 Zebrana r\u0119cznie, suszona w naturalnych warunkach, d\u0142ugo zachowuje pi\u0119kny zapach.<\/p><hr \/><h3><strong>Z<\/strong><strong>astosowanie:<\/strong><\/h3><ul><li><strong>Aromaterapia:<\/strong> Umie\u015b\u0107 woreczek\u00a0 \u0142azience, sypialni lub samochodzie aby subtelny zapach lawendy m\u00f3g\u0142 Ci towarzyszy\u0107 przez ca\u0142y dzie\u0144.<\/li><li><strong>Odstraszanie moli: <\/strong>Wykorzystaj woreczek w spi\u017carni i umie\u015b\u0107 go w\u015br\u00f3d artyku\u0142\u00f3w, kt\u00f3re ciesz\u0105 si\u0119 najwi\u0119ksz\u0105 sympati\u0105 moli spo\u017cywczych, aby skutecznie je odstraszy\u0107. Je\u015bli zmagasz si\u0119 z molami w szafie &#8211; w\u0142\u00f3\u017c do niej kilka woreczk\u00f3w lawendowych, by pozby\u0107 si\u0119 nieproszonych go\u015bci.<\/li><li><strong>Dekoracja:<\/strong> Wykorzystaj woreczki jako element wystroju wn\u0119trz.<\/li><\/ul><hr \/><h3><strong>Opakowanie:<\/strong><\/h3><p>Woreczki haftowane z motywem lawendy.<\/p><hr \/><p><strong>Dlaczego warto wybra\u0107 nasz woreczki lawendowe?<\/strong><\/p><ul><li>Lawend\u0119 uprawiamy, r\u0119cznie zbieramy i suszymy w naturalnych warunkach. Woreczki wype\u0142niamy r\u0119cznie.<\/li><li>Woreczki maj\u0105 bardzo wszechstronne zastosowanie. Mog\u0105 by\u0107 wsparciem aromaterapii, sprzymierze\u0144cem w walce z molami, elementem dekoracyjnym we wn\u0119trzach a tak\u017ce pomys\u0142em na prezent.<\/li><\/ul><p>Kraj pochodzenia: <strong>Polska<\/strong><\/p>\t\t\t\t\t\t\t\t<\/div>\n\t\t\t\t\t<\/div>\n\t\t\t\t<\/div>\n\t\t\t\t<\/div>","protected":false},"excerpt":{"rendered":"<p>Woreczek wype\u0142niony suszonymi kwiatami lawendy z naszego pola. Woreczek mo\u017ce by\u0107 wsparciem aromaterapii, sprzymierze\u0144cem w walce z molami, elementem dekoracyjnym we wn\u0119trzach a tak\u017ce pomys\u0142em na prezent.<\/p>","protected":false},"featured_media":6656,"comment_status":"open","ping_status":"closed","template":"","meta":[],"product_brand":[],"product_cat":[46,16,47,48],"product_tag":[49,50,51,52,53,54],"class_list":{"0":"post-2220","1":"product","2":"type-product","3":"status-publish","4":"has-post-thumbnail","6":"product_cat-aromaterapia","7":"product_cat-bez-kategorii","8":"product_cat-kosmetyki-naturalne","9":"product_cat-produkty-do-pielegnacji-skory","10":"product_tag-aromaterapia","11":"product_tag-hydrolat","12":"product_tag-lawenda","13":"product_tag-naturalne-kosmetyki","14":"product_tag-pielegnacja-skory","15":"product_tag-polska-produkcja","17":"first","18":"instock","19":"taxable","20":"shipping-taxable","21":"purchasable","22":"product-type-simple"},"aioseo_notices":[],"jetpack_sharing_enabled":true,"_links":{"self":[{"href":"https:\/\/www.dolawendy.pl\/en\/wp-json\/wp\/v2\/product\/2220","targetHints":{"allow":["GET"]}}],"collection":[{"href":"https:\/\/www.dolawendy.pl\/en\/wp-json\/wp\/v2\/product"}],"about":[{"href":"https:\/\/www.dolawendy.pl\/en\/wp-json\/wp\/v2\/types\/product"}],"replies":[{"embeddable":true,"href":"https:\/\/www.dolawendy.pl\/en\/wp-json\/wp\/v2\/comments?post=2220"}],"version-history":[{"count":5,"href":"https:\/\/www.dolawendy.pl\/en\/wp-json\/wp\/v2\/product\/2220\/revisions"}],"predecessor-version":[{"id":6785,"href":"https:\/\/www.dolawendy.pl\/en\/wp-json\/wp\/v2\/product\/2220\/revisions\/6785"}],"wp:featuredmedia":[{"embeddable":true,"href":"https:\/\/www.dolawendy.pl\/en\/wp-json\/wp\/v2\/media\/6656"}],"wp:attachment":[{"href":"https:\/\/www.dolawendy.pl\/en\/wp-json\/wp\/v2\/media?parent=2220"}],"wp:term":[{"taxonomy":"product_brand","embeddable":true,"href":"https:\/\/www.dolawendy.pl\/en\/wp-json\/wp\/v2\/product_brand?post=2220"},{"taxonomy":"product_cat","embeddable":true,"href":"https:\/\/www.dolawendy.pl\/en\/wp-json\/wp\/v2\/product_cat?post=2220"},{"taxonomy":"product_tag","embeddable":true,"href":"https:\/\/www.dolawendy.pl\/en\/wp-json\/wp\/v2\/product_tag?post=2220"}],"curies":[{"name":"wp","href":"https:\/\/api.w.org\/{rel}","templated":true}]}}