{"id":2221,"date":"2025-08-18T22:39:50","date_gmt":"2025-08-18T20:39:50","guid":{"rendered":"https:\/\/dev.dolawendy.pl\/?post_type=product&#038;p=2221"},"modified":"2026-05-11T23:40:56","modified_gmt":"2026-05-11T21:40:56","slug":"poduszka-lawendowa-50x70cm","status":"publish","type":"product","link":"https:\/\/www.dolawendy.pl\/en\/product\/poduszka-lawendowa-50x70cm\/","title":{"rendered":"Lavender pillow 50x70cm"},"content":{"rendered":"<div data-elementor-type=\"wp-post\" data-elementor-id=\"2221\" class=\"elementor elementor-2221\">\n\t\t\t\t<div class=\"elementor-element elementor-element-1ff8f977 e-flex e-con-boxed wpr-particle-no wpr-jarallax-no wpr-parallax-no wpr-sticky-section-no wpr-column-slider-no wpr-equal-height-no e-con e-parent\" data-id=\"1ff8f977\" data-element_type=\"container\" data-e-type=\"container\">\n\t\t\t\t\t<div class=\"e-con-inner\">\n\t\t\t\t<div class=\"elementor-element elementor-element-76da0bca elementor-widget elementor-widget-text-editor\" data-id=\"76da0bca\" data-element_type=\"widget\" data-e-type=\"widget\" data-widget_type=\"text-editor.default\">\n\t\t\t\t\t\t\t\t\t<h4>Poduszka Lawendowa &#8211; naturalny komfort dla Ciebie<\/h4>\n<p><b>Poduszka Lawendowa<\/b>&nbsp;to po\u0142\u0105czenie natury i komfortu, kt\u00f3re zmienia spos\u00f3b, w jaki odpoczywasz. Wykonujemy j\u0105 r\u0119cznie, z pe\u0142nym zaanga\u017cowaniem, aby dostarczy\u0107 Ci produkt&nbsp;<b>najwy\u017cszej jako\u015bci<\/b>. Wype\u0142niamy j\u0105 polsk\u0105 \u0142usk\u0105 gryki oraz suszonymi kwiatami lawendy, kt\u00f3re pochodz\u0105 bezpo\u015brednio z naszego pola. Dzi\u0119ki temu mo\u017cemy zaoferowa\u0107 Ci produkt, kt\u00f3ry wspiera zdrowy sen, relaksuje i wprowadza wyj\u0105tkowy zapach do Twojego wn\u0119trza, jednocze\u015bnie dbaj\u0105c o Twoje zdrowie i samopoczucie.<\/p>\n<p><br><\/p>\n<p><\/p>\n<h4>W\u0142a\u015bciwo\u015bci Poduszki Lawendowej<\/h4>\n<ul>\n<li><b>Naturalne wype\u0142nienie:<\/b>&nbsp;\u0141uska gryki i suszone kwiaty lawendy, bez \u017cadnych sztucznych dodatk\u00f3w. Starannie dobrane, by zapewni\u0107 Ci jak najlepszy efekt relaksacyjny.<\/li>\n<li><b>Relaksuj\u0105ce dzia\u0142anie:<\/b>&nbsp;Delikatny zapach lawendy&nbsp;koi zmys\u0142y,&nbsp;redukuje stres&nbsp;i&nbsp;wspomaga zasypianie. Lawenda dzia\u0142a jak naturalny \u015brodek wyciszaj\u0105cy, kt\u00f3ry pomaga si\u0119 zrelaksowa\u0107 po stresuj\u0105cym dniu.<\/li>\n<li><b>Komfort u\u017cytkowania:<\/b>&nbsp;\u0141uska gryki dopasowuje si\u0119 do kszta\u0142tu cia\u0142a i stanowi naturalne podparcie dla kr\u0119gos\u0142upa.<\/li>\n<li><b>Naturalna termoregulacja:<\/b>&nbsp;Wype\u0142nienie z \u0142uski gryki ma w\u0142a\u015bciwo\u015bci termoregulacyjne. Zapobiega przegrzewaniu si\u0119, co sprzyja komfortowi snu niezale\u017cnie od pory roku.<\/li>\n<li><b>Lecznicze w\u0142a\u015bciwo\u015bci:<\/b>&nbsp;\u0141uska gryki ma w\u0142a\u015bciwo\u015bci antybakteryjne i przeciwgrzybicze, co czyni poduszk\u0119 odpowiedni\u0105 tak\u017ce dla os\u00f3b z alergiami. Dzi\u0119ki temu produkt jest higieniczny i bezpieczny w codziennym u\u017cytkowaniu. Olejek zawarty w kwiatach lawendy wykazuje dzia\u0142anie przeciwdrobnoustrojowe (\u017arod\u0142o:&nbsp;<a href=\"https:\/\/www.postepyfitoterapii.pl\/wp-content\/uploads\/2017\/09\/pf_2017_113-118.pdf\" target=\"_blank\">postepyfitoterapii<\/a>).<\/li>\n<li><b>R\u0119czne wykonanie:<\/b>&nbsp;Ka\u017cda poduszka jest przygotowana r\u0119cznie, z najwy\u017csz\u0105 staranno\u015bci\u0105.<br><br><\/li>\n<\/ul>\n<h4>Zastosowanie Poduszki Lawendowej<\/h4>\n<ul>\n<li><b>Do snu:<\/b>&nbsp;Poduszka zapewnia naturalne wsparcie kr\u0119gos\u0142upa i g\u0142owy, relaksuje i \u0142agodzi napi\u0119cia mi\u0119\u015bniowe.<\/li>\n<li><b>Do relaksu:<\/b>&nbsp;Idealna do medytacji, jogi lub po prostu jako element wyposa\u017cenia w salonie czy sypialni. Po\u0142o\u017cona na kanapie, delikatnie uwalnia zapach lawendy, wprowadzaj\u0105c przyjemn\u0105 atmosfer\u0119 w ca\u0142ym pomieszczeniu.<\/li>\n<li><b>Na zm\u0119czenie<\/b>:&nbsp;Wykorzystaj jej aromaterapeutyczne w\u0142a\u015bciwo\u015bci, by zredukowa\u0107 stres po ci\u0119\u017ckim dniu. Poduszka mo\u017ce sta\u0107 si\u0119 idealnym sposobem na odpr\u0119\u017cenie po pracy lub po intensywnym wysi\u0142ku fizycznym.<br><br><\/li>\n<\/ul>\n<h4>Wymiary<\/h4>\n<ul>\n<li><b>Rozmiar<\/b>:&nbsp; 50&#215;70 cm Uniwersalny rozmiar, pod kt\u00f3ry z&nbsp; \u0142atwo\u015bci\u0105 dopasujesz poszewk\u0119.<\/li>\n<li><b>Waga<\/b>:&nbsp; 3,3kg &#8211; 3,6kg Waga zale\u017cy od rozmiaru \u0142uski gryki, odmiany i sezonu.&nbsp; Staramy si\u0119 aby obj\u0119to\u015b\u0107 wype\u0142nienia by\u0142a podobna, wi\u0119c waga mo\u017ce si\u0119 delikatnie r\u00f3\u017cni\u0107.<br><br><\/li>\n<\/ul>\n<h4>Czyszczenie i piel\u0119gnacja<\/h4>\n<p><b>Na poduszk\u0119 przed u\u017cyciem nale\u017cy za\u0142o\u017cy\u0107 poszewk\u0119.&nbsp;Poszewka nie wchodzi w sk\u0142ad oferty.<br><\/b><\/p>\n<ul>\n<li><b>Nie pra\u0107 wype\u0142nienia<\/b>&nbsp;\u2013 \u0141uska gryki&nbsp; i lawenda nie powinna mie\u0107 kontaktu z wod\u0105, poniewa\u017c mo\u017ce to spowodowa\u0107 ple\u015bnienie i utrat\u0119 w\u0142a\u015bciwo\u015bci.<\/li>\n<li><b>Regularnie wietrzy\u0107<\/b>&nbsp;\u2013 Najlepiej wystawia\u0107 poduszk\u0119 na s\u0142o\u0144ce co kilka tygodni, aby usun\u0105\u0107 wilgo\u0107 i od\u015bwie\u017cy\u0107 wype\u0142nienie.<\/li>\n<li>Wymienia\u0107 wype\u0142nienie co 2\u20133 lata&nbsp;\u2013&nbsp; \u0141uska gryki z&nbsp; czasem mo\u017ce si\u0119 kruszy\u0107,<\/li>\n<li><b>Unika\u0107 wilgoci<\/b>&nbsp;\u2013 Przechowywa\u0107 poduszk\u0119 w suchym miejscu, aby zapobiec zawilgoceniu \u0142usek.<br><br><\/li>\n<\/ul>\n<h4>Dlaczego warto wybra\u0107 nasz\u0105 Poduszk\u0119 Lawendow\u0105?<\/h4>\n<ul>\n<li><b>Naturalne sk\u0142adniki<\/b>:&nbsp;\u0141uska gryki pochodzi od polskich producent\u00f3w, kt\u00f3rych starannie wybieramy. Lawend\u0119 uprawiamy i suszymy samodzielnie, co sprawia, \u017ce nasze produkty s\u0105 ekologiczne i lokalne.<\/li>\n<li><b>Ekologiczna produkcja<\/b>:&nbsp;Tworzymy produkty z dba\u0142o\u015bci\u0105 o \u015brodowisko. Uprawiamy lawend\u0119 w spos\u00f3b zr\u00f3wnowa\u017cony i przyjazny naturze.<\/li>\n<li><b>Zdrowie i relaks<\/b>:&nbsp;Po\u0142\u0105czenie \u0142uski gryki i lawendy wspiera regeneracj\u0119 organizmu, poprawia komfort snu i daje poczucie relaksu. Dzi\u0119ki naturalnym sk\u0142adnikom pomagamy r\u00f3wnie\u017c w utrzymaniu r\u00f3wnowagi emocjonalnej, redukuj\u0105c codzienny stres i napi\u0119cie.<br><br><\/li>\n<\/ul>\n<h5>Przeciwwskazania: Alergia na lawend\u0119.<\/h5>\n<h5>Kraj Pochodzenia: Polska<\/h5>\n<p><\/p>\t\t\t\t\t\t\t\t<\/div>\n\t\t\t\t\t<\/div>\n\t\t\t\t<\/div>\n\t\t\t\t<\/div>","protected":false},"excerpt":{"rendered":"<p>Poduszka lawendowa 50&#215;70 wype\u0142niona \u0142usk\u0105 gryki i suszonymi kwiatami lawendy. Zapewnia\u00a0 komfortowy sen, dzi\u0119ki stopniowo uwalniaj\u0105cemu si\u0119 \u00a0aromatowi lawendy.<\/p>","protected":false},"featured_media":6654,"comment_status":"open","ping_status":"closed","template":"","meta":[],"product_brand":[],"product_cat":[46,16,47,48],"product_tag":[49,50,51,53,54],"class_list":{"0":"post-2221","1":"product","2":"type-product","3":"status-publish","4":"has-post-thumbnail","6":"product_cat-aromaterapia","7":"product_cat-bez-kategorii","8":"product_cat-kosmetyki-naturalne","9":"product_cat-produkty-do-pielegnacji-skory","10":"product_tag-aromaterapia","11":"product_tag-hydrolat","12":"product_tag-lawenda","13":"product_tag-pielegnacja-skory","14":"product_tag-polska-produkcja","16":"first","17":"instock","18":"taxable","19":"shipping-taxable","20":"purchasable","21":"product-type-simple"},"aioseo_notices":[],"jetpack_sharing_enabled":true,"_links":{"self":[{"href":"https:\/\/www.dolawendy.pl\/en\/wp-json\/wp\/v2\/product\/2221","targetHints":{"allow":["GET"]}}],"collection":[{"href":"https:\/\/www.dolawendy.pl\/en\/wp-json\/wp\/v2\/product"}],"about":[{"href":"https:\/\/www.dolawendy.pl\/en\/wp-json\/wp\/v2\/types\/product"}],"replies":[{"embeddable":true,"href":"https:\/\/www.dolawendy.pl\/en\/wp-json\/wp\/v2\/comments?post=2221"}],"version-history":[{"count":22,"href":"https:\/\/www.dolawendy.pl\/en\/wp-json\/wp\/v2\/product\/2221\/revisions"}],"predecessor-version":[{"id":5935,"href":"https:\/\/www.dolawendy.pl\/en\/wp-json\/wp\/v2\/product\/2221\/revisions\/5935"}],"wp:featuredmedia":[{"embeddable":true,"href":"https:\/\/www.dolawendy.pl\/en\/wp-json\/wp\/v2\/media\/6654"}],"wp:attachment":[{"href":"https:\/\/www.dolawendy.pl\/en\/wp-json\/wp\/v2\/media?parent=2221"}],"wp:term":[{"taxonomy":"product_brand","embeddable":true,"href":"https:\/\/www.dolawendy.pl\/en\/wp-json\/wp\/v2\/product_brand?post=2221"},{"taxonomy":"product_cat","embeddable":true,"href":"https:\/\/www.dolawendy.pl\/en\/wp-json\/wp\/v2\/product_cat?post=2221"},{"taxonomy":"product_tag","embeddable":true,"href":"https:\/\/www.dolawendy.pl\/en\/wp-json\/wp\/v2\/product_tag?post=2221"}],"curies":[{"name":"wp","href":"https:\/\/api.w.org\/{rel}","templated":true}]}}