{"id":6128,"date":"2025-11-30T13:58:13","date_gmt":"2025-11-30T12:58:13","guid":{"rendered":"https:\/\/www.dolawendy.pl\/?post_type=product&#038;p=6128"},"modified":"2026-05-08T21:03:35","modified_gmt":"2026-05-08T19:03:35","slug":"zestaw-prezentowy-poduszka-woreczek","status":"publish","type":"product","link":"https:\/\/www.dolawendy.pl\/en\/product\/zestaw-prezentowy-poduszka-woreczek\/","title":{"rendered":"Zestaw prezentowy #2: poduszka, hydrolat, woreczek lawendowy"},"content":{"rendered":"<div data-elementor-type=\"wp-post\" data-elementor-id=\"6128\" class=\"elementor elementor-6128\">\n\t\t\t\t<div class=\"elementor-element elementor-element-2646d60e e-flex e-con-boxed wpr-particle-no wpr-jarallax-no wpr-parallax-no wpr-sticky-section-no wpr-column-slider-no wpr-equal-height-no e-con e-parent\" data-id=\"2646d60e\" data-element_type=\"container\" data-e-type=\"container\">\n\t\t\t\t\t<div class=\"e-con-inner\">\n\t\t\t\t<div class=\"elementor-element elementor-element-606a2fc elementor-widget elementor-widget-text-editor\" data-id=\"606a2fc\" data-element_type=\"widget\" data-e-type=\"widget\" data-widget_type=\"text-editor.default\">\n\t\t\t\t\t\t\t\t\t<p data-path-to-node=\"3\">Je\u015bli mieliby\u015bmy wybra\u0107 jeden prezent, kt\u00f3ry jest wyrazem najwi\u0119kszej troski o drug\u0105 osob\u0119, wybraliby\u015bmy w\u0142a\u015bnie ten zestaw prezentowy. Dobry sen to najlepsze, co mo\u017cemy podarowa\u0107 bliskim (i sobie!). Ten zestaw stworzyli\u015bmy z my\u015bl\u0105 o nocach pe\u0142nych spokoju i porankach bez b\u00f3lu karku.<\/p>\n<p data-path-to-node=\"4\">To nie jest zwyk\u0142y prezent. To naturalne wsparcie dla zm\u0119czonego cia\u0142a i przebod\u017acowanej g\u0142owy.<\/p>\n<p data-path-to-node=\"4\"><br><\/p>\n<p data-path-to-node=\"5\">\n<\/p><p data-path-to-node=\"5\">W zestawie znajdziesz:<\/p>\n<p data-path-to-node=\"6\">\n<\/p><p data-path-to-node=\"6\">\ud83d\udc9c<b>Poduszka z \u0142usk\u0105 gryki i lawend\u0105 (~1 kg)<\/b> To serce tego zestawu. Poduszka wa\u017cy oko\u0142o 1 kilograma \u2013 i wype\u0142niona jest naturaln\u0105 \u0142usk\u0105 gryki zmieszan\u0105 z suszonymi kwiatami lawendy. Dlaczego to po\u0142\u0105czenie jest tak wyj\u0105tkowe? Gryka idealnie dopasowuje si\u0119 do kszta\u0142tu g\u0142owy i karku, daj\u0105c stabilne podparcie, a przy ka\u017cdym ruchu wydaje delikatny, koj\u0105cy szelest. W po\u0142\u0105czeniu z uwalniaj\u0105cym si\u0119 aromatem lawendy, tworzy warunki idealne do g\u0142\u0119bokiego relaksu.<\/p>\n<p data-path-to-node=\"6\"><span style=\"font-size: 23px;\">&nbsp;<\/span><\/p>\n<p data-path-to-node=\"6\">\ud83d\udc9c<span style=\"font-size: 23px;\">&nbsp;<\/span><span style=\"font-weight: bolder; font-size: 23px;\">Hydrolat Lawendowy (100 ml)<\/span><span style=\"font-size: 23px;\">&nbsp;Szklana butelka wype\u0142niona po brzegi natur\u0105. Jest&nbsp; wydajny \u2013 wystarczy na d\u0142ugie tygodnie codziennej piel\u0119gnacji. Mo\u017cna stosowa\u0107 go jako tonik, ale te\u017c w przypadku powierzchniowych oparze\u0144, przy problemach sk\u00f3rnych, a tak\u017ce jako baza do maseczek (mo\u017cna miesza\u0107 np. z glinkami). Niesamowicie wszechstronny produkt, kt\u00f3rego w\u0142a\u015bciwo\u015bci s\u0105 wci\u0105\u017c odkrywane.<\/span><\/p>\n<p data-path-to-node=\"6\"><span style=\"font-size: 23px;\">&nbsp;<\/span><\/p>\n<p data-path-to-node=\"7\">\ud83d\udc9c <b>Woreczek z suszon\u0105 lawend\u0105 (~40 g)<\/b> Do zestawu do\u0142\u0105czyli\u015bmy woreczek zapachowy. Wype\u0142niony a\u017c 40 gramami aromatycznego suszu, jest prawdziw\u0105 esencj\u0105 zapachu lawendy. Mo\u017cesz trzyma\u0107 go w\u0142o\u017cy\u0107 do szafy z ubraniami, umie\u015bci\u0107 w \u0142azience lub samochodzie i cieszy\u0107 si\u0119 b\u0142ogim zapachem.&nbsp;<\/p>\n<p data-path-to-node=\"8\"><b>&nbsp;<\/b><\/p>\n<p data-path-to-node=\"8\"><b>Podaruj zdrowy wypoczynek<\/b> Ca\u0142o\u015b\u0107 \u2013 podobnie jak inne nasze zestawy \u2013 pakujemy r\u0119cznie, dbaj\u0105c o estetyk\u0119 i ten wyj\u0105tkowy, \u015bwi\u0105teczny klimat. To prezent gotowy do wr\u0119czenia, kt\u00f3ry m\u00f3wi: &#8222;Zale\u017cy mi na Tobie, zr\u00f3b co\u015b dla siebie&#8221;.<\/p>\t\t\t\t\t\t\t\t<\/div>\n\t\t\t\t\t<\/div>\n\t\t\t\t<\/div>\n\t\t\t\t<\/div>","protected":false},"excerpt":{"rendered":"<p>Je\u015bli mieliby\u015bmy wybra\u0107 jeden prezent, kt\u00f3ry jest wyrazem najwi\u0119kszej troski o drug\u0105 osob\u0119, wybraliby\u015bmy w\u0142a\u015bnie ten zestaw prezentowy. Dobry sen to najlepsze, co mo\u017cemy podarowa\u0107 bliskim (i sobie!). Ten zestaw stworzyli\u015bmy z my\u015bl\u0105 o nocach pe\u0142nych spokoju i porankach bez b\u00f3lu karku. To nie jest zwyk\u0142y prezent. To naturalne wsparcie dla zm\u0119czonego cia\u0142a i przebod\u017acowanej g\u0142owy. W zestawie znajdziesz: \ud83d\udc9cPoduszka z \u0142usk\u0105 gryki i lawend\u0105 (~1 kg) To serce tego zestawu. Poduszka wa\u017cy oko\u0142o 1 kilograma \u2013 i wype\u0142niona jest naturaln\u0105 \u0142usk\u0105 gryki zmieszan\u0105 z suszonymi kwiatami lawendy. Dlaczego to po\u0142\u0105czenie jest tak wyj\u0105tkowe? Gryka idealnie dopasowuje si\u0119 do kszta\u0142tu g\u0142owy i karku, daj\u0105c stabilne podparcie, a przy ka\u017cdym ruchu wydaje delikatny, koj\u0105cy szelest. W po\u0142\u0105czeniu z uwalniaj\u0105cym si\u0119 aromatem lawendy, tworzy warunki idealne do g\u0142\u0119bokiego relaksu. \ud83d\udc9c\u00a0Hydrolat Lawendowy (100 ml)\u00a0Szklana butelka wype\u0142niona po brzegi natur\u0105. Jest\u00a0 wydajny \u2013 wystarczy na d\u0142ugie tygodnie codziennej piel\u0119gnacji. Mo\u017cna stosowa\u0107 go jako tonik, ale te\u017c w przypadku powierzchniowych oparze\u0144, przy problemach sk\u00f3rnych, a tak\u017ce jako baza do maseczek (mo\u017cna miesza\u0107 np. z glinkami). Niesamowicie wszechstronny produkt, kt\u00f3rego w\u0142a\u015bciwo\u015bci s\u0105 wci\u0105\u017c odkrywane. \ud83d\udc9c Woreczek z suszon\u0105 lawend\u0105 (~40 g) Do zestawu do\u0142\u0105czyli\u015bmy woreczek zapachowy. Wype\u0142niony a\u017c 40 gramami aromatycznego suszu, jest prawdziw\u0105 esencj\u0105 zapachu lawendy. Mo\u017cesz trzyma\u0107 go w\u0142o\u017cy\u0107 do szafy z ubraniami, umie\u015bci\u0107 w \u0142azience lub samochodzie i cieszy\u0107 si\u0119 b\u0142ogim zapachem. \u00a0 Podaruj zdrowy wypoczynek Ca\u0142o\u015b\u0107 \u2013 podobnie jak inne nasze zestawy \u2013 pakujemy r\u0119cznie, dbaj\u0105c o estetyk\u0119 i ten wyj\u0105tkowy, \u015bwi\u0105teczny klimat. To prezent gotowy do wr\u0119czenia, kt\u00f3ry m\u00f3wi: &#8222;Zale\u017cy mi na Tobie, zr\u00f3b co\u015b dla siebie&#8221;.<\/p>","protected":false},"featured_media":6717,"comment_status":"open","ping_status":"closed","template":"","meta":[],"product_brand":[],"product_cat":[65],"product_tag":[],"class_list":{"0":"post-6128","1":"product","2":"type-product","3":"status-publish","4":"has-post-thumbnail","6":"product_cat-zestawy","8":"first","9":"instock","10":"taxable","11":"shipping-taxable","12":"purchasable","13":"product-type-simple"},"aioseo_notices":[],"jetpack_sharing_enabled":true,"_links":{"self":[{"href":"https:\/\/www.dolawendy.pl\/en\/wp-json\/wp\/v2\/product\/6128","targetHints":{"allow":["GET"]}}],"collection":[{"href":"https:\/\/www.dolawendy.pl\/en\/wp-json\/wp\/v2\/product"}],"about":[{"href":"https:\/\/www.dolawendy.pl\/en\/wp-json\/wp\/v2\/types\/product"}],"replies":[{"embeddable":true,"href":"https:\/\/www.dolawendy.pl\/en\/wp-json\/wp\/v2\/comments?post=6128"}],"version-history":[{"count":23,"href":"https:\/\/www.dolawendy.pl\/en\/wp-json\/wp\/v2\/product\/6128\/revisions"}],"predecessor-version":[{"id":6734,"href":"https:\/\/www.dolawendy.pl\/en\/wp-json\/wp\/v2\/product\/6128\/revisions\/6734"}],"wp:featuredmedia":[{"embeddable":true,"href":"https:\/\/www.dolawendy.pl\/en\/wp-json\/wp\/v2\/media\/6717"}],"wp:attachment":[{"href":"https:\/\/www.dolawendy.pl\/en\/wp-json\/wp\/v2\/media?parent=6128"}],"wp:term":[{"taxonomy":"product_brand","embeddable":true,"href":"https:\/\/www.dolawendy.pl\/en\/wp-json\/wp\/v2\/product_brand?post=6128"},{"taxonomy":"product_cat","embeddable":true,"href":"https:\/\/www.dolawendy.pl\/en\/wp-json\/wp\/v2\/product_cat?post=6128"},{"taxonomy":"product_tag","embeddable":true,"href":"https:\/\/www.dolawendy.pl\/en\/wp-json\/wp\/v2\/product_tag?post=6128"}],"curies":[{"name":"wp","href":"https:\/\/api.w.org\/{rel}","templated":true}]}}