{"id":6131,"date":"2025-11-30T13:36:14","date_gmt":"2025-11-30T12:36:14","guid":{"rendered":"https:\/\/www.dolawendy.pl\/?post_type=product&#038;p=6131"},"modified":"2026-05-04T15:07:28","modified_gmt":"2026-05-04T13:07:28","slug":"olejek-hydrolat-oraz-woreczek-lawendowy","status":"publish","type":"product","link":"https:\/\/www.dolawendy.pl\/en\/product\/olejek-hydrolat-oraz-woreczek-lawendowy\/","title":{"rendered":"Zestaw prezentowy #1 olejek, hydrolat, woreczek lawendowy"},"content":{"rendered":"<div data-elementor-type=\"wp-post\" data-elementor-id=\"6131\" class=\"elementor elementor-6131\">\n\t\t\t\t<div class=\"elementor-element elementor-element-f4f3f05 e-flex e-con-boxed wpr-particle-no wpr-jarallax-no wpr-parallax-no wpr-sticky-section-no wpr-column-slider-no wpr-equal-height-no e-con e-parent\" data-id=\"f4f3f05\" data-element_type=\"container\" data-e-type=\"container\">\n\t\t\t\t\t<div class=\"e-con-inner\">\n\t\t\t\t<div class=\"elementor-element elementor-element-2eb66d0c elementor-widget elementor-widget-text-editor\" data-id=\"2eb66d0c\" data-element_type=\"widget\" data-e-type=\"widget\" data-widget_type=\"text-editor.default\">\n\t\t\t\t\t\t\t\t\t<p data-path-to-node=\"4\">Wierzymy, \u017ce w prezentach najwa\u017cniejsza jest intencja. Temu zestawowi prezentowemu przypisali\u015bmy intencj\u0119 g\u0142\u0119bokiego spokoju, zwolnienia tempa i powrotu do natury. To nie s\u0105 przypadkowe produkty z ta\u015bmy produkcyjnej \u2013 to starannie dobrane, lawendowe trio, kt\u00f3re ma za zadanie otuli\u0107 zmys\u0142y i wyciszy\u0107 my\u015bli po ci\u0119\u017ckim dniu.<\/p>\n<p data-path-to-node=\"4\"><br><\/p>\n<p data-path-to-node=\"4\">\n<\/p><p data-path-to-node=\"5\">Zale\u017ca\u0142o nam, aby ten prezent by\u0142 kompletny, dlatego w \u015brodku znajdziesz wszystko, co potrzebne do stworzenia domowego spa:<\/p>\n<p data-path-to-node=\"5\"><br><\/p>\n<p data-path-to-node=\"5\">\n<\/p><p data-path-to-node=\"5\">\ud83c\udf3f <b>Hydrolat Lawendowy (100 ml)<\/b>&nbsp;Szklana butelka wype\u0142niona po brzegi natur\u0105. Jest&nbsp; wydajny \u2013 wystarczy na d\u0142ugie tygodnie codziennej piel\u0119gnacji. Mo\u017cna stosowa\u0107 go jako tonik, ale te\u017c w przypadku powierzchniowych oparze\u0144, przy problemach sk\u00f3rnych, a tak\u017ce jako baza do maseczek (mo\u017cna miesza\u0107 np. z glinkami). Niesamowicie wszechstronny produkt, kt\u00f3rego w\u0142a\u015bciwo\u015bci s\u0105 wci\u0105\u017c odkrywane.<\/p><p data-path-to-node=\"5\"><br><\/p>\n<p data-path-to-node=\"5\">\n<\/p><p data-path-to-node=\"5\">\n<\/p><p data-path-to-node=\"7\">\ud83d\udca7 <b>Naturalny Olejek Lawendowy (10 ml)<\/b> Ma\u0142a buteleczka o wielkiej mocy. To 100% esencji zapachu \u2013 bez zb\u0119dnych dodatk\u00f3w. Wystarcz\u0105 dos\u0142ownie 2-3 krople dodane do k\u0105pieli, nawil\u017cacza powietrza lub kominka zapachowego, a nawet odkurzacza by ca\u0142e pomieszczenie wype\u0142ni\u0142o si\u0119 aromatem lawendowego pola w pe\u0142nym s\u0142o\u0144cu.&nbsp;<\/p><p data-path-to-node=\"7\"><br><\/p>\n<p data-path-to-node=\"7\">\n<\/p><p data-path-to-node=\"7\">\n<\/p><p data-path-to-node=\"8\">\ud83d\udc9c <b>Woreczek z suszon\u0105 lawend\u0105 (~40 g)<\/b> <span style=\"font-size: 21px;\">Do zestawu do\u0142\u0105czyli\u015bmy woreczek zapachowy. Wype\u0142niony a\u017c 40 gramami aromatycznego suszu, jest prawdziw\u0105 esencj\u0105 zapachu lawendy. Mo\u017cesz trzyma\u0107 go na szafce nocnej, by wzmocni\u0107 dzia\u0142anie poduszki, lub w\u0142o\u017cy\u0107 do szafy z ubraniami b\u0142ogim zapachem.&nbsp;<\/span><\/p>\n<p data-path-to-node=\"8\"><span style=\"font-size: 21px;\"><br><\/span><\/p>\n<p data-path-to-node=\"8\">\n<\/p><p data-path-to-node=\"8\">\n<\/p><p data-path-to-node=\"9\"><b>Gotowy do wr\u0119czenia<\/b> Nie musisz martwi\u0107 si\u0119 o pakowanie. Zestaw przygotowali\u015bmy tak, by cieszy\u0142 oko od pierwszej chwili. Produkty umieszczone s\u0105 w ozdobnym woreczku w delikatne \u015bnie\u017cynki, przewi\u0105zane fioletow\u0105 wst\u0105\u017ck\u0105 i opatrzone bilecikiem &#8222;Merry Christmas&#8221;.<\/p>\n<p data-path-to-node=\"9\"><br><\/p>\n<p data-path-to-node=\"9\">\n<\/p><p data-path-to-node=\"9\">\n<\/p><p data-path-to-node=\"10\">Wystarczy po\u0142o\u017cy\u0107 go pod choink\u0105 i obserwowa\u0107 rado\u015b\u0107 obdarowanej osoby.<\/p>\t\t\t\t\t\t\t\t<\/div>\n\t\t\t\t\t<\/div>\n\t\t\t\t<\/div>\n\t\t\t\t<\/div>","protected":false},"excerpt":{"rendered":"<p>Wierzymy, \u017ce w prezentach najwa\u017cniejsza jest intencja. Temu zestawowi prezentowemu przypisali\u015bmy intencj\u0119 g\u0142\u0119bokiego spokoju, zwolnienia tempa i powrotu do natury. To nie s\u0105 przypadkowe produkty z ta\u015bmy produkcyjnej \u2013 to starannie dobrane, lawendowe trio, kt\u00f3re ma za zadanie otuli\u0107 zmys\u0142y i wyciszy\u0107 my\u015bli po ci\u0119\u017ckim dniu. Zale\u017ca\u0142o nam, aby ten prezent by\u0142 kompletny, dlatego w \u015brodku znajdziesz wszystko, co potrzebne do stworzenia domowego spa: \ud83c\udf3f Hydrolat Lawendowy (100 ml)\u00a0Szklana butelka wype\u0142niona po brzegi natur\u0105. Jest\u00a0 wydajny \u2013 wystarczy na d\u0142ugie tygodnie codziennej piel\u0119gnacji. Mo\u017cna stosowa\u0107 go jako tonik, ale te\u017c w przypadku powierzchniowych oparze\u0144, przy problemach sk\u00f3rnych, a tak\u017ce jako baza do maseczek (mo\u017cna miesza\u0107 np. z glinkami). Niesamowicie wszechstronny produkt, kt\u00f3rego w\u0142a\u015bciwo\u015bci s\u0105 wci\u0105\u017c odkrywane. \ud83d\udca7 Naturalny Olejek Lawendowy (10 ml) Ma\u0142a buteleczka o wielkiej mocy. To 100% esencji zapachu \u2013 bez zb\u0119dnych dodatk\u00f3w. Wystarcz\u0105 dos\u0142ownie 2-3 krople dodane do k\u0105pieli, nawil\u017cacza powietrza lub kominka zapachowego, a nawet odkurzacza by ca\u0142e pomieszczenie wype\u0142ni\u0142o si\u0119 aromatem lawendowego pola w pe\u0142nym s\u0142o\u0144cu. \ud83d\udc9c Woreczek z suszon\u0105 lawend\u0105 (~40 g) Do zestawu do\u0142\u0105czyli\u015bmy woreczek zapachowy. Wype\u0142niony a\u017c 40 gramami aromatycznego suszu, jest prawdziw\u0105 esencj\u0105 zapachu lawendy. Mo\u017cesz trzyma\u0107 go na szafce nocnej, by wzmocni\u0107 dzia\u0142anie poduszki, lub w\u0142o\u017cy\u0107 do szafy z ubraniami b\u0142ogim zapachem. Gotowy do wr\u0119czenia Nie musisz martwi\u0107 si\u0119 o pakowanie. Zestaw przygotowali\u015bmy tak, by cieszy\u0142 oko od pierwszej chwili. Produkty umieszczone s\u0105 w ozdobnym woreczku w delikatne \u015bnie\u017cynki, przewi\u0105zane fioletow\u0105 wst\u0105\u017ck\u0105 i opatrzone bilecikiem &#8222;Merry Christmas&#8221;. Wystarczy po\u0142o\u017cy\u0107 go pod choink\u0105 i obserwowa\u0107 rado\u015b\u0107 obdarowanej osoby.<\/p>","protected":false},"featured_media":6735,"comment_status":"open","ping_status":"closed","template":"","meta":[],"product_brand":[],"product_cat":[65],"product_tag":[],"class_list":{"0":"post-6131","1":"product","2":"type-product","3":"status-publish","4":"has-post-thumbnail","6":"product_cat-zestawy","8":"first","9":"instock","10":"taxable","11":"shipping-taxable","12":"purchasable","13":"product-type-simple"},"aioseo_notices":[],"jetpack_sharing_enabled":true,"_links":{"self":[{"href":"https:\/\/www.dolawendy.pl\/en\/wp-json\/wp\/v2\/product\/6131","targetHints":{"allow":["GET"]}}],"collection":[{"href":"https:\/\/www.dolawendy.pl\/en\/wp-json\/wp\/v2\/product"}],"about":[{"href":"https:\/\/www.dolawendy.pl\/en\/wp-json\/wp\/v2\/types\/product"}],"replies":[{"embeddable":true,"href":"https:\/\/www.dolawendy.pl\/en\/wp-json\/wp\/v2\/comments?post=6131"}],"version-history":[{"count":31,"href":"https:\/\/www.dolawendy.pl\/en\/wp-json\/wp\/v2\/product\/6131\/revisions"}],"predecessor-version":[{"id":6724,"href":"https:\/\/www.dolawendy.pl\/en\/wp-json\/wp\/v2\/product\/6131\/revisions\/6724"}],"wp:featuredmedia":[{"embeddable":true,"href":"https:\/\/www.dolawendy.pl\/en\/wp-json\/wp\/v2\/media\/6735"}],"wp:attachment":[{"href":"https:\/\/www.dolawendy.pl\/en\/wp-json\/wp\/v2\/media?parent=6131"}],"wp:term":[{"taxonomy":"product_brand","embeddable":true,"href":"https:\/\/www.dolawendy.pl\/en\/wp-json\/wp\/v2\/product_brand?post=6131"},{"taxonomy":"product_cat","embeddable":true,"href":"https:\/\/www.dolawendy.pl\/en\/wp-json\/wp\/v2\/product_cat?post=6131"},{"taxonomy":"product_tag","embeddable":true,"href":"https:\/\/www.dolawendy.pl\/en\/wp-json\/wp\/v2\/product_tag?post=6131"}],"curies":[{"name":"wp","href":"https:\/\/api.w.org\/{rel}","templated":true}]}}