{"id":6187,"date":"2025-11-30T14:53:59","date_gmt":"2025-11-30T13:53:59","guid":{"rendered":"https:\/\/www.dolawendy.pl\/?post_type=product&#038;p=6187"},"modified":"2026-05-04T15:08:07","modified_gmt":"2026-05-04T13:08:07","slug":"zestaw-prezentowy-3-mus-olejek-hydrolat-woreczek-lawendowy","status":"publish","type":"product","link":"https:\/\/www.dolawendy.pl\/en\/product\/zestaw-prezentowy-3-mus-olejek-hydrolat-woreczek-lawendowy\/","title":{"rendered":"Zestaw prezentowy #3: mus, olejek, hydrolat, woreczek lawendowy"},"content":{"rendered":"<div data-elementor-type=\"wp-post\" data-elementor-id=\"6187\" class=\"elementor elementor-6187\">\n\t\t\t\t<div class=\"elementor-element elementor-element-345aa0d5 e-flex e-con-boxed wpr-particle-no wpr-jarallax-no wpr-parallax-no wpr-sticky-section-no wpr-column-slider-no wpr-equal-height-no e-con e-parent\" data-id=\"345aa0d5\" data-element_type=\"container\" data-e-type=\"container\">\n\t\t\t\t\t<div class=\"e-con-inner\">\n\t\t\t\t<div class=\"elementor-element elementor-element-2cfe0768 elementor-widget elementor-widget-text-editor\" data-id=\"2cfe0768\" data-element_type=\"widget\" data-e-type=\"widget\" data-widget_type=\"text-editor.default\">\n\t\t\t\t\t\t\t\t\t<p data-path-to-node=\"3\">Ten zestaw to kompletny przepis na wieczorny relaks. Stworzyli\u015bmy go z my\u015bl\u0105 o osobach, kt\u00f3re potrzebuj\u0105 chwili zatrzymania, g\u0142\u0119bokiego oddechu i dopieszczenia sk\u00f3ry, zw\u0142aszcza w zimowe dni.<\/p>\n<p data-path-to-node=\"3\"><br><\/p>\n<p data-path-to-node=\"4\">To &#8222;Wielka Czw\u00f3rka&#8221; lawendowej piel\u0119gnacji. Ka\u017cdy element tego zestawu uzupe\u0142nia si\u0119 nawzajem, tworz\u0105c harmonijn\u0105 ca\u0142o\u015b\u0107:<\/p>\n<p data-path-to-node=\"4\"><br><\/p>\n<p data-path-to-node=\"5\">\u2601\ufe0f <b>Mus do Cia\u0142a (120 ml)<\/b> To prawdziwa uczta dla sk\u00f3ry. Ma konsystencj\u0119 lekkiej, ubitej \u015bmietanki, kt\u00f3ra pod wp\u0142ywem ciep\u0142a d\u0142oni zamienia si\u0119 w od\u017cywczy olejek. Bazuje na naturalnych mas\u0142ach, dzi\u0119ki czemu ratuje przesuszon\u0105 zim\u0105 sk\u00f3r\u0119, pozostawiaj\u0105c j\u0105 jedwabi\u015bcie g\u0142adk\u0105 i subtelnie pachn\u0105c\u0105.<\/p>\n<p data-path-to-node=\"5\"><br><\/p>\n<p data-path-to-node=\"5\" style=\"font-size: 23px;\">\ud83c\udf3f&nbsp;<span style=\"font-weight: 700;\">Hydrolat Lawendowy (100 ml)<\/span>&nbsp;Szklana butelka wype\u0142niona po brzegi natur\u0105. Jest&nbsp; wydajny \u2013 wystarczy na d\u0142ugie tygodnie codziennej piel\u0119gnacji. Mo\u017cna stosowa\u0107 go jako tonik, ale te\u017c w przypadku powierzchniowych oparze\u0144, przy problemach sk\u00f3rnych, a tak\u017ce jako baza do maseczek (mo\u017cna miesza\u0107 np. z glinkami). Niesamowicie wszechstronny produkt, kt\u00f3rego w\u0142a\u015bciwo\u015bci s\u0105 wci\u0105\u017c odkrywane.<\/p>\n<p data-path-to-node=\"5\" style=\"font-size: 23px;\"><br><\/p>\n<p data-path-to-node=\"5\" style=\"font-size: 23px;\">\n<\/p><p data-path-to-node=\"5\" style=\"font-size: 23px;\">\n<\/p><p data-path-to-node=\"7\" style=\"font-size: 23px;\">\ud83d\udca7 <span style=\"font-weight: 700;\">Olejek eteryczny z lawendy w\u0105skolistnej (10 ml)<\/span>&nbsp;Ma\u0142a buteleczka o wielkiej mocy. To 100% esencji zapachu \u2013 bez \u017cadnych dodatk\u00f3w. Wystarcz\u0105 dos\u0142ownie 2-3 krople dodane do k\u0105pieli, nawil\u017cacza powietrza lub kominka zapachowego, a nawet odkurzacza by ca\u0142e pomieszczenie wype\u0142ni\u0142o si\u0119 aromatem lawendowego pola w pe\u0142nym s\u0142o\u0144cu.&nbsp;<\/p>\n<p data-path-to-node=\"7\" style=\"font-size: 23px;\"><br><\/p>\n<p data-path-to-node=\"7\" style=\"font-size: 23px;\">\n<\/p><p data-path-to-node=\"7\" style=\"font-size: 23px;\">\n<\/p><p data-path-to-node=\"8\" style=\"font-size: 23px;\">\ud83d\udc9c&nbsp;<span style=\"font-weight: bolder;\">Woreczek z suszon\u0105 lawend\u0105 (~40 g)<\/span>&nbsp;<span style=\"font-size: 21px;\">Do zestawu do\u0142\u0105czyli\u015bmy woreczek zapachowy. Wype\u0142niony a\u017c 40 gramami aromatycznego suszu, jest prawdziw\u0105 esencj\u0105 zapachu lawendy. Mo\u017cesz trzyma\u0107 go na szafce nocnej, by wzmocni\u0107 dzia\u0142anie poduszki, lub w\u0142o\u017cy\u0107 do szafy z ubraniami b\u0142ogim zapachem<\/span><\/p>\n<p data-path-to-node=\"6\"><br><\/p>\n<p data-path-to-node=\"9\"><b>Prezent od serca<\/b> Ca\u0142o\u015b\u0107 zapakowali\u015bmy tak, by cieszy\u0142a oczy od pierwszego wejrzenia.&nbsp;<\/p><p data-path-to-node=\"9\"><br><\/p><p data-path-to-node=\"9\">&nbsp;Wystarczy po\u0142o\u017cy\u0107 go pod choink\u0105 i podarowa\u0107 komu\u015b chwil\u0119 b\u0142ogiego relaksu.<\/p>\t\t\t\t\t\t\t\t<\/div>\n\t\t\t\t\t<\/div>\n\t\t\t\t<\/div>\n\t\t\t\t<\/div>","protected":false},"excerpt":{"rendered":"<p>Ten zestaw to kompletny przepis na wieczorny relaks. Stworzyli\u015bmy go z my\u015bl\u0105 o osobach, kt\u00f3re potrzebuj\u0105 chwili zatrzymania, g\u0142\u0119bokiego oddechu i dopieszczenia sk\u00f3ry, zw\u0142aszcza w zimowe dni. To &#8222;Wielka Czw\u00f3rka&#8221; lawendowej piel\u0119gnacji. Ka\u017cdy element tego zestawu uzupe\u0142nia si\u0119 nawzajem, tworz\u0105c harmonijn\u0105 ca\u0142o\u015b\u0107: \u2601\ufe0f Mus do Cia\u0142a (120 ml) To prawdziwa uczta dla sk\u00f3ry. Ma konsystencj\u0119 lekkiej, ubitej \u015bmietanki, kt\u00f3ra pod wp\u0142ywem ciep\u0142a d\u0142oni zamienia si\u0119 w od\u017cywczy olejek. Bazuje na naturalnych mas\u0142ach, dzi\u0119ki czemu ratuje przesuszon\u0105 zim\u0105 sk\u00f3r\u0119, pozostawiaj\u0105c j\u0105 jedwabi\u015bcie g\u0142adk\u0105 i subtelnie pachn\u0105c\u0105. \ud83c\udf3f\u00a0Hydrolat Lawendowy (100 ml)\u00a0Szklana butelka wype\u0142niona po brzegi natur\u0105. Jest\u00a0 wydajny \u2013 wystarczy na d\u0142ugie tygodnie codziennej piel\u0119gnacji. Mo\u017cna stosowa\u0107 go jako tonik, ale te\u017c w przypadku powierzchniowych oparze\u0144, przy problemach sk\u00f3rnych, a tak\u017ce jako baza do maseczek (mo\u017cna miesza\u0107 np. z glinkami). Niesamowicie wszechstronny produkt, kt\u00f3rego w\u0142a\u015bciwo\u015bci s\u0105 wci\u0105\u017c odkrywane. \ud83d\udca7 Olejek eteryczny z lawendy w\u0105skolistnej (10 ml)\u00a0Ma\u0142a buteleczka o wielkiej mocy. To 100% esencji zapachu \u2013 bez \u017cadnych dodatk\u00f3w. Wystarcz\u0105 dos\u0142ownie 2-3 krople dodane do k\u0105pieli, nawil\u017cacza powietrza lub kominka zapachowego, a nawet odkurzacza by ca\u0142e pomieszczenie wype\u0142ni\u0142o si\u0119 aromatem lawendowego pola w pe\u0142nym s\u0142o\u0144cu. \ud83d\udc9c\u00a0Woreczek z suszon\u0105 lawend\u0105 (~40 g)\u00a0Do zestawu do\u0142\u0105czyli\u015bmy woreczek zapachowy. Wype\u0142niony a\u017c 40 gramami aromatycznego suszu, jest prawdziw\u0105 esencj\u0105 zapachu lawendy. Mo\u017cesz trzyma\u0107 go na szafce nocnej, by wzmocni\u0107 dzia\u0142anie poduszki, lub w\u0142o\u017cy\u0107 do szafy z ubraniami b\u0142ogim zapachem Prezent od serca Ca\u0142o\u015b\u0107 zapakowali\u015bmy tak, by cieszy\u0142a oczy od pierwszego wejrzenia. \u00a0Wystarczy po\u0142o\u017cy\u0107 go pod choink\u0105 i podarowa\u0107 komu\u015b chwil\u0119 b\u0142ogiego relaksu.<\/p>","protected":false},"featured_media":6714,"comment_status":"open","ping_status":"closed","template":"","meta":[],"product_brand":[],"product_cat":[65],"product_tag":[],"class_list":{"0":"post-6187","1":"product","2":"type-product","3":"status-publish","4":"has-post-thumbnail","6":"product_cat-zestawy","8":"first","9":"instock","10":"taxable","11":"shipping-taxable","12":"purchasable","13":"product-type-simple"},"aioseo_notices":[],"jetpack_sharing_enabled":true,"_links":{"self":[{"href":"https:\/\/www.dolawendy.pl\/en\/wp-json\/wp\/v2\/product\/6187","targetHints":{"allow":["GET"]}}],"collection":[{"href":"https:\/\/www.dolawendy.pl\/en\/wp-json\/wp\/v2\/product"}],"about":[{"href":"https:\/\/www.dolawendy.pl\/en\/wp-json\/wp\/v2\/types\/product"}],"replies":[{"embeddable":true,"href":"https:\/\/www.dolawendy.pl\/en\/wp-json\/wp\/v2\/comments?post=6187"}],"version-history":[{"count":12,"href":"https:\/\/www.dolawendy.pl\/en\/wp-json\/wp\/v2\/product\/6187\/revisions"}],"predecessor-version":[{"id":6980,"href":"https:\/\/www.dolawendy.pl\/en\/wp-json\/wp\/v2\/product\/6187\/revisions\/6980"}],"wp:featuredmedia":[{"embeddable":true,"href":"https:\/\/www.dolawendy.pl\/en\/wp-json\/wp\/v2\/media\/6714"}],"wp:attachment":[{"href":"https:\/\/www.dolawendy.pl\/en\/wp-json\/wp\/v2\/media?parent=6187"}],"wp:term":[{"taxonomy":"product_brand","embeddable":true,"href":"https:\/\/www.dolawendy.pl\/en\/wp-json\/wp\/v2\/product_brand?post=6187"},{"taxonomy":"product_cat","embeddable":true,"href":"https:\/\/www.dolawendy.pl\/en\/wp-json\/wp\/v2\/product_cat?post=6187"},{"taxonomy":"product_tag","embeddable":true,"href":"https:\/\/www.dolawendy.pl\/en\/wp-json\/wp\/v2\/product_tag?post=6187"}],"curies":[{"name":"wp","href":"https:\/\/api.w.org\/{rel}","templated":true}]}}