{"id":6245,"date":"2025-12-05T18:11:33","date_gmt":"2025-12-05T17:11:33","guid":{"rendered":"https:\/\/www.dolawendy.pl\/?post_type=product&#038;p=6245"},"modified":"2026-05-04T15:08:21","modified_gmt":"2026-05-04T13:08:21","slug":"zestaw-prezentowy-4-swieczka-mydelko-hydrolat-woreczek-mus","status":"publish","type":"product","link":"https:\/\/www.dolawendy.pl\/en\/product\/zestaw-prezentowy-4-swieczka-mydelko-hydrolat-woreczek-mus\/","title":{"rendered":"Zestaw prezentowy #4: \u015bwieczka, myde\u0142ko, hydrolat, woreczek, mus"},"content":{"rendered":"<div data-elementor-type=\"wp-post\" data-elementor-id=\"6245\" class=\"elementor elementor-6245\">\n\t\t\t\t<div class=\"elementor-element elementor-element-4128542b e-flex e-con-boxed wpr-particle-no wpr-jarallax-no wpr-parallax-no wpr-sticky-section-no wpr-column-slider-no wpr-equal-height-no e-con e-parent\" data-id=\"4128542b\" data-element_type=\"container\" data-e-type=\"container\">\n\t\t\t\t\t<div class=\"e-con-inner\">\n\t\t\t\t<div class=\"elementor-element elementor-element-8b55bb8 elementor-widget elementor-widget-text-editor\" data-id=\"8b55bb8\" data-element_type=\"widget\" data-e-type=\"widget\" data-widget_type=\"text-editor.default\">\n\t\t\t\t\t\t\t\t\t<p data-path-to-node=\"4\">Ten zestaw to kompletny przepis na wieczorny relaks. Stworzyli\u015bmy go z my\u015bl\u0105 o osobach, kt\u00f3re potrzebuj\u0105 chwili zatrzymania, g\u0142\u0119bokiego oddechu i dopieszczenia sk\u00f3ry, zw\u0142aszcza w zimowe dni.<\/p><p data-path-to-node=\"4\"><br><\/p><p data-path-to-node=\"5\">\u2601\ufe0f <b>Mus do Cia\u0142a (120 ml)<\/b>\nTo prawdziwa uczta dla sk\u00f3ry. Ma konsystencj\u0119 lekkiej, ubitej \u015bmietanki, kt\u00f3ra pod wp\u0142ywem ciep\u0142a d\u0142oni zamienia si\u0119 w od\u017cywczy olejek. Bazuje na naturalnych mas\u0142ach, dzi\u0119ki czemu ratuje przesuszon\u0105 zim\u0105 sk\u00f3r\u0119, pozostawiaj\u0105c j\u0105 jedwabi\u015bcie g\u0142adk\u0105 i subtelnie pachn\u0105c\u0105.<\/p><p data-path-to-node=\"5\"><br><\/p><p data-path-to-node=\"6\">\ud83c\udf3f <b>Hydrolat Lawendowy (100 ml)<\/b>\nSzklana butelka wype\u0142niona po brzegi natur\u0105. Jest niesamowicie wydajny \u2013 wystarczy na d\u0142ugie tygodnie codziennej piel\u0119gnacji. Mo\u017cna stosowa\u0107 go jako tonik, ale te\u017c w przypadku powierzchniowych oparze\u0144, przy problemach sk\u00f3rnych, a tak\u017ce jako baza do maseczek (mo\u017cna miesza\u0107 np. z glinkami). Niesamowicie wszechstronny produkt, kt\u00f3rego w\u0142a\u015bciwo\u015bci s\u0105 wci\u0105\u017c odkrywane.<\/p><p data-path-to-node=\"6\"><br><\/p><p data-path-to-node=\"7\">\ud83d\udd6f\ufe0f <b>\u015awieczka z wosku sojowego z olejkiem eterycznym lawendowym<\/b>\nIdealna do stworzenia pi\u0119knej atmosfery. Wykonana z naturalnego wosku sojowego, pali si\u0119 czystym p\u0142omieniem, uwalniaj\u0105c terapeutyczny zapach prawdziwego olejku lawendowego. Jej ciep\u0142e \u015bwiat\u0142o i aromat pomagaj\u0105 wyciszy\u0107 my\u015bli po ca\u0142ym dniu i wprowadzaj\u0105 w stan b\u0142ogiego spokoju.<\/p><p data-path-to-node=\"7\"><br><\/p><p data-path-to-node=\"8\">\ud83c\udf1f <b>Myde\u0142ko w kszta\u0142cie gwiazdki z olejkiem eterycznym lawendowym<\/b>\nUroczy, zimowy akcent w Twojej \u0142azience. To delikatne myde\u0142ko nie tylko cieszy oko swoim \u015bwi\u0105tecznym kszta\u0142tem, ale te\u017c piel\u0119gnuje sk\u00f3r\u0119. Dzi\u0119ki zawarto\u015bci naturalnego olejku eterycznego, ka\u017cde mycie d\u0142oni staje si\u0119 minirytua\u0142em aromaterapeutycznym.<\/p><p data-path-to-node=\"8\"><br><\/p><p data-path-to-node=\"9\">\ud83d\udc9c <b>Woreczek z suszon\u0105 lawend\u0105 (~40 g)<\/b>\nDo zestawu do\u0142\u0105czyli\u015bmy te\u017c woreczek zapachowy. Wype\u0142niony a\u017c 40 gramami aromatycznego suszu, jest prawdziw\u0105 esencj\u0105 zapachu lawendy. Mo\u017cesz trzyma\u0107 go na szafce nocnej, by wzmocni\u0107 dzia\u0142anie poduszki, lub w\u0142o\u017cy\u0107 do szafy, by otuli\u0107 ubrania b\u0142ogim zapachem.<\/p><p data-path-to-node=\"9\"><br><\/p><p data-path-to-node=\"10\"><b>Prezent od serca<\/b>\nCa\u0142o\u015b\u0107 zapakowali\u015bmy tak, by cieszy\u0142a oczy od pierwszego wejrzenia. Wystarczy po\u0142o\u017cy\u0107 go pod choink\u0105 i podarowa\u0107 komu\u015b chwil\u0119 zas\u0142u\u017conego relaksu.<\/p>\t\t\t\t\t\t\t\t<\/div>\n\t\t\t\t\t<\/div>\n\t\t\t\t<\/div>\n\t\t\t\t<\/div>","protected":false},"excerpt":{"rendered":"<p>Ten zestaw to kompletny przepis na wieczorny relaks. Stworzyli\u015bmy go z my\u015bl\u0105 o osobach, kt\u00f3re potrzebuj\u0105 chwili zatrzymania, g\u0142\u0119bokiego oddechu i dopieszczenia sk\u00f3ry, zw\u0142aszcza w zimowe dni. \u2601\ufe0f Mus do Cia\u0142a (120 ml) To prawdziwa uczta dla sk\u00f3ry. Ma konsystencj\u0119 lekkiej, ubitej \u015bmietanki, kt\u00f3ra pod wp\u0142ywem ciep\u0142a d\u0142oni zamienia si\u0119 w od\u017cywczy olejek. Bazuje na naturalnych mas\u0142ach, dzi\u0119ki czemu ratuje przesuszon\u0105 zim\u0105 sk\u00f3r\u0119, pozostawiaj\u0105c j\u0105 jedwabi\u015bcie g\u0142adk\u0105 i subtelnie pachn\u0105c\u0105. \ud83c\udf3f Hydrolat Lawendowy (100 ml) Szklana butelka wype\u0142niona po brzegi natur\u0105. Jest niesamowicie wydajny \u2013 wystarczy na d\u0142ugie tygodnie codziennej piel\u0119gnacji. Mo\u017cna stosowa\u0107 go jako tonik, ale te\u017c w przypadku powierzchniowych oparze\u0144, przy problemach sk\u00f3rnych, a tak\u017ce jako baza do maseczek (mo\u017cna miesza\u0107 np. z glinkami). Niesamowicie wszechstronny produkt, kt\u00f3rego w\u0142a\u015bciwo\u015bci s\u0105 wci\u0105\u017c odkrywane. \ud83d\udd6f\ufe0f \u015awieczka z wosku sojowego z olejkiem eterycznym lawendowym Idealna do stworzenia pi\u0119knej atmosfery. Wykonana z naturalnego wosku sojowego, pali si\u0119 czystym p\u0142omieniem, uwalniaj\u0105c terapeutyczny zapach prawdziwego olejku lawendowego. Jej ciep\u0142e \u015bwiat\u0142o i aromat pomagaj\u0105 wyciszy\u0107 my\u015bli po ca\u0142ym dniu i wprowadzaj\u0105 w stan b\u0142ogiego spokoju. \ud83c\udf1f Myde\u0142ko w kszta\u0142cie gwiazdki z olejkiem eterycznym lawendowym Uroczy, zimowy akcent w Twojej \u0142azience. To delikatne myde\u0142ko nie tylko cieszy oko swoim \u015bwi\u0105tecznym kszta\u0142tem, ale te\u017c piel\u0119gnuje sk\u00f3r\u0119. Dzi\u0119ki zawarto\u015bci naturalnego olejku eterycznego, ka\u017cde mycie d\u0142oni staje si\u0119 minirytua\u0142em aromaterapeutycznym. \ud83d\udc9c Woreczek z suszon\u0105 lawend\u0105 (~40 g) Do zestawu do\u0142\u0105czyli\u015bmy te\u017c woreczek zapachowy. Wype\u0142niony a\u017c 40 gramami aromatycznego suszu, jest prawdziw\u0105 esencj\u0105 zapachu lawendy. Mo\u017cesz trzyma\u0107 go na szafce nocnej, by wzmocni\u0107 dzia\u0142anie poduszki, lub w\u0142o\u017cy\u0107 do szafy, by otuli\u0107 ubrania b\u0142ogim zapachem. Prezent od serca Ca\u0142o\u015b\u0107 zapakowali\u015bmy tak, by cieszy\u0142a oczy od pierwszego wejrzenia. Wystarczy po\u0142o\u017cy\u0107 go pod choink\u0105 i podarowa\u0107 komu\u015b chwil\u0119 zas\u0142u\u017conego relaksu.<\/p>","protected":false},"featured_media":6729,"comment_status":"open","ping_status":"closed","template":"","meta":[],"product_brand":[],"product_cat":[65],"product_tag":[],"class_list":{"0":"post-6245","1":"product","2":"type-product","3":"status-publish","4":"has-post-thumbnail","6":"product_cat-zestawy","8":"first","9":"instock","10":"taxable","11":"shipping-taxable","12":"purchasable","13":"product-type-simple"},"aioseo_notices":[],"jetpack_sharing_enabled":true,"_links":{"self":[{"href":"https:\/\/www.dolawendy.pl\/en\/wp-json\/wp\/v2\/product\/6245","targetHints":{"allow":["GET"]}}],"collection":[{"href":"https:\/\/www.dolawendy.pl\/en\/wp-json\/wp\/v2\/product"}],"about":[{"href":"https:\/\/www.dolawendy.pl\/en\/wp-json\/wp\/v2\/types\/product"}],"replies":[{"embeddable":true,"href":"https:\/\/www.dolawendy.pl\/en\/wp-json\/wp\/v2\/comments?post=6245"}],"version-history":[{"count":7,"href":"https:\/\/www.dolawendy.pl\/en\/wp-json\/wp\/v2\/product\/6245\/revisions"}],"predecessor-version":[{"id":6732,"href":"https:\/\/www.dolawendy.pl\/en\/wp-json\/wp\/v2\/product\/6245\/revisions\/6732"}],"wp:featuredmedia":[{"embeddable":true,"href":"https:\/\/www.dolawendy.pl\/en\/wp-json\/wp\/v2\/media\/6729"}],"wp:attachment":[{"href":"https:\/\/www.dolawendy.pl\/en\/wp-json\/wp\/v2\/media?parent=6245"}],"wp:term":[{"taxonomy":"product_brand","embeddable":true,"href":"https:\/\/www.dolawendy.pl\/en\/wp-json\/wp\/v2\/product_brand?post=6245"},{"taxonomy":"product_cat","embeddable":true,"href":"https:\/\/www.dolawendy.pl\/en\/wp-json\/wp\/v2\/product_cat?post=6245"},{"taxonomy":"product_tag","embeddable":true,"href":"https:\/\/www.dolawendy.pl\/en\/wp-json\/wp\/v2\/product_tag?post=6245"}],"curies":[{"name":"wp","href":"https:\/\/api.w.org\/{rel}","templated":true}]}}