{"id":6258,"date":"2025-12-05T18:46:38","date_gmt":"2025-12-05T17:46:38","guid":{"rendered":"https:\/\/www.dolawendy.pl\/?post_type=product&#038;p=6258"},"modified":"2026-05-09T07:59:29","modified_gmt":"2026-05-09T05:59:29","slug":"swieca-sojowa-lawendowa","status":"publish","type":"product","link":"https:\/\/www.dolawendy.pl\/en\/product\/swieca-sojowa-lawendowa\/","title":{"rendered":"\u015awieca sojowa lawendowa"},"content":{"rendered":"<div data-elementor-type=\"wp-post\" data-elementor-id=\"6258\" class=\"elementor elementor-6258\">\n\t\t\t\t<div class=\"elementor-element elementor-element-7127372b e-con-full e-flex wpr-particle-no wpr-jarallax-no wpr-parallax-no wpr-sticky-section-no wpr-column-slider-no wpr-equal-height-no e-con e-parent\" data-id=\"7127372b\" data-element_type=\"container\" data-e-type=\"container\">\n\t\t\t\t<div class=\"elementor-element elementor-element-277110ec elementor-widget elementor-widget-text-editor\" data-id=\"277110ec\" data-element_type=\"widget\" data-e-type=\"widget\" data-widget_type=\"text-editor.default\">\n\t\t\t\t\t\t\t\t\t<p data-path-to-node=\"12\">Szukasz sposobu na wyciszenie po d\u0142ugim dniu? Wybierz nasz\u0105 \u015bwiec\u0119 sojow\u0105 o zapachu lawendy. To kompozycja dla wymagaj\u0105cych \u2013 wyrazista, a zarazem naturalna. Zapach \u015bwie\u017co \u015bci\u0119tej lawendy zosta\u0142 tu wzbogacony o intryguj\u0105ce nuty eukaliptusa i paczuli, tworz\u0105c aromat, kt\u00f3ry od\u015bwie\u017ca wn\u0119trze i koi zmys\u0142y.<\/p>\n<p data-path-to-node=\"12\">\n<\/p><p data-path-to-node=\"13\"><b>Kluczowe cechy produktu:<\/b><\/p>\n<p data-path-to-node=\"13\"><b>&nbsp;<\/b><\/p>\n<ul data-path-to-node=\"14\">\n<li>\n<p data-path-to-node=\"14,0,0\"><b>Wosk sojowy:<\/b> Bezpieczny dla zdrowia, nie wydziela toksyn, pali si\u0119 czysto.<\/p>\n<\/li>\n<li>\n<p data-path-to-node=\"14,0,0\"><b>Wieczko<\/b>: wysokiej klasy wieczko bambusowe<\/p>\n<\/li>\n<li>\n<p data-path-to-node=\"14,1,0\"><b>Drewniany knot:<\/b> Zapewnia stabilny p\u0142omie\u0144 i wyj\u0105tkowe wra\u017cenia wizualne oraz akustyczne.<\/p>\n<\/li>\n<li>\n<p data-path-to-node=\"14,2,0\"><b>Wydajno\u015b\u0107:<\/b> Czas palenia to a\u017c <b>ok. 37 godzin<\/b>.<\/p>\n<\/li>\n<li>\n<p data-path-to-node=\"14,3,0\"><b>Design:<\/b> Eleganckie czarne szk\u0142o z bambusowym wieczkiem, kt\u00f3re pasuje do ka\u017cdego wn\u0119trza.<\/p>\n<\/li>\n<\/ul>\n<p data-path-to-node=\"15\">\n<\/p><p data-path-to-node=\"23\"><b>Specyfikacja i Rytua\u0142 Palenia:<\/b><\/p>\n<p data-path-to-node=\"23\"><b>&nbsp;<\/b><\/p>\n<ul data-path-to-node=\"24\">\n<li>\n<p data-path-to-node=\"24,0,0\"><b>Nuty zapachowe:<\/b>&nbsp;Olejki eteryczne Lawenda, Eukaliptus, Paczula<\/p>\n<\/li>\n<li>\n<p data-path-to-node=\"24,1,0\"><b>Wosk:<\/b> 100% sojowy (biodegradowalny)<\/p>\n<\/li>\n<li>\n<p data-path-to-node=\"24,2,0\"><b>Knot:<\/b> Drewniany<\/p>\n<\/li>\n<li>\n<p data-path-to-node=\"24,3,0\"><b>Czas palenia:<\/b> ok. 37 h<\/p>\n<\/li>\n<li>\n<p data-path-to-node=\"24,3,0\"><b>Waga wosku<\/b>: 140g<\/p>\n<\/li>\n<li>\n<p data-path-to-node=\"24,3,0\">\n<\/p><\/li>\n<\/ul>\n<p data-path-to-node=\"25\"><b>Jak dba\u0107 o \u015bwiec\u0119, aby cieszy\u0107 si\u0119 ni\u0105 jak najd\u0142u\u017cej?<\/b><\/p>\n<p data-path-to-node=\"25\"><b>&nbsp;<\/b><\/p>\n<ol start=\"1\" data-path-to-node=\"26\">\n<li>\n<p data-path-to-node=\"26,0,0\"><b>Pierwsze palenie:<\/b> Pozw\u00f3l woskowi roztopi\u0107 si\u0119 a\u017c do \u015bcianek naczynia. Zapobiegnie to tworzeniu si\u0119 tzw. &#8222;tunelu&#8221; i marnowaniu wosku.<\/p>\n<\/li>\n<li>\n<p data-path-to-node=\"26,1,0\"><b>Czas sesji:<\/b> Pal \u015bwiec\u0119 jednorazowo przez 2\u20133 godziny.<\/p>\n<\/li>\n<li>\n<p data-path-to-node=\"26,2,0\"><b>Piel\u0119gnacja knota:<\/b> Przed ka\u017cdym odpaleniem skr\u00f3\u0107 knot do ok. 0,5 cm (usu\u0144 zw\u0119glon\u0105 cz\u0119\u015b\u0107). Zapewni to czysty p\u0142omie\u0144 bez dymienia.<\/p>\n<\/li>\n<li>\n<p data-path-to-node=\"26,2,0\">Wykorzystaj <b>wieczko,&nbsp;<\/b>aby zamkn\u0105\u0107 nieu\u017cywan\u0105 \u015bwiece.<\/p>\n<\/li>\n<\/ol>\n<div>&nbsp;<\/div>\n<div>&nbsp;<\/div>\n<p data-path-to-node=\"27\"><b>Bezpiecze\u0144stwo:<\/b> Pami\u0119taj, by stawia\u0107 \u015bwiec\u0119 na odpornym na ciep\u0142o pod\u0142o\u017cu, z dala od przeci\u0105g\u00f3w, \u0142atwopalnych przedmiot\u00f3w (zas\u0142ony, ksi\u0105\u017cki) oraz poza zasi\u0119giem dzieci i zwierz\u0105t. Nigdy nie zostawiaj zapalonej \u015bwiecy bez opieki. S\u0142oik nagrzewa si\u0119 podczas u\u017cytkowania \u2013 nie dotykaj go, gdy \u015bwieca si\u0119 pali.<\/p>\n<p data-path-to-node=\"27\">\n<\/p><p data-path-to-node=\"28\"><i>Produkt rzemie\u015blniczy \u2013 drobne r\u00f3\u017cnice w kolorze lub konsystencji s\u0105 naturaln\u0105 cech\u0105 r\u0119cznej produkcji.<\/i><\/p>\t\t\t\t\t\t\t\t<\/div>\n\t\t\t\t<\/div>\n\t\t\t\t<\/div>","protected":false},"excerpt":{"rendered":"<p>Szukasz sposobu na wyciszenie po d\u0142ugim dniu? Wybierz nasz\u0105 \u015bwiec\u0119 sojow\u0105 o zapachu lawendy. To kompozycja dla wymagaj\u0105cych \u2013 wyrazista, a zarazem naturalna. Zapach \u015bwie\u017co \u015bci\u0119tej lawendy zosta\u0142 tu wzbogacony o intryguj\u0105ce nuty eukaliptusa i paczuli, tworz\u0105c aromat, kt\u00f3ry od\u015bwie\u017ca wn\u0119trze i koi zmys\u0142y. Kluczowe cechy produktu: \u00a0 Wosk sojowy: Bezpieczny dla zdrowia, nie wydziela toksyn, pali si\u0119 czysto. Wieczko: wysokiej klasy wieczko bambusowe Drewniany knot: Zapewnia stabilny p\u0142omie\u0144 i wyj\u0105tkowe wra\u017cenia wizualne oraz akustyczne. Wydajno\u015b\u0107: Czas palenia to a\u017c ok. 37 godzin. Design: Eleganckie czarne szk\u0142o z bambusowym wieczkiem, kt\u00f3re pasuje do ka\u017cdego wn\u0119trza. Specyfikacja i Rytua\u0142 Palenia: \u00a0 Nuty zapachowe:\u00a0Olejki eteryczne Lawenda, Eukaliptus, Paczula Wosk: 100% sojowy (biodegradowalny) Knot: Drewniany Czas palenia: ok. 37 h Waga wosku: 140g Jak dba\u0107 o \u015bwiec\u0119, aby cieszy\u0107 si\u0119 ni\u0105 jak najd\u0142u\u017cej? \u00a0 Pierwsze palenie: Pozw\u00f3l woskowi roztopi\u0107 si\u0119 a\u017c do \u015bcianek naczynia. Zapobiegnie to tworzeniu si\u0119 tzw. &#8222;tunelu&#8221; i marnowaniu wosku. Czas sesji: Pal \u015bwiec\u0119 jednorazowo przez 2\u20133 godziny. Piel\u0119gnacja knota: Przed ka\u017cdym odpaleniem skr\u00f3\u0107 knot do ok. 0,5 cm (usu\u0144 zw\u0119glon\u0105 cz\u0119\u015b\u0107). Zapewni to czysty p\u0142omie\u0144 bez dymienia. Wykorzystaj wieczko,\u00a0aby zamkn\u0105\u0107 nieu\u017cywan\u0105 \u015bwiece. &nbsp; Bezpiecze\u0144stwo: Pami\u0119taj, by stawia\u0107 \u015bwiec\u0119 na odpornym na ciep\u0142o pod\u0142o\u017cu, z dala od przeci\u0105g\u00f3w, \u0142atwopalnych przedmiot\u00f3w (zas\u0142ony, ksi\u0105\u017cki) oraz poza zasi\u0119giem dzieci i zwierz\u0105t. Nigdy nie zostawiaj zapalonej \u015bwiecy bez opieki. S\u0142oik nagrzewa si\u0119 podczas u\u017cytkowania \u2013 nie dotykaj go, gdy \u015bwieca si\u0119 pali. Produkt rzemie\u015blniczy \u2013 drobne r\u00f3\u017cnice w kolorze lub konsystencji s\u0105 naturaln\u0105 cech\u0105 r\u0119cznej produkcji.<\/p>","protected":false},"featured_media":6722,"comment_status":"open","ping_status":"closed","template":"","meta":[],"product_brand":[],"product_cat":[46],"product_tag":[],"class_list":{"0":"post-6258","1":"product","2":"type-product","3":"status-publish","4":"has-post-thumbnail","6":"product_cat-aromaterapia","8":"first","9":"instock","10":"taxable","11":"shipping-taxable","12":"purchasable","13":"product-type-simple"},"aioseo_notices":[],"jetpack_sharing_enabled":true,"_links":{"self":[{"href":"https:\/\/www.dolawendy.pl\/en\/wp-json\/wp\/v2\/product\/6258","targetHints":{"allow":["GET"]}}],"collection":[{"href":"https:\/\/www.dolawendy.pl\/en\/wp-json\/wp\/v2\/product"}],"about":[{"href":"https:\/\/www.dolawendy.pl\/en\/wp-json\/wp\/v2\/types\/product"}],"replies":[{"embeddable":true,"href":"https:\/\/www.dolawendy.pl\/en\/wp-json\/wp\/v2\/comments?post=6258"}],"version-history":[{"count":18,"href":"https:\/\/www.dolawendy.pl\/en\/wp-json\/wp\/v2\/product\/6258\/revisions"}],"predecessor-version":[{"id":6280,"href":"https:\/\/www.dolawendy.pl\/en\/wp-json\/wp\/v2\/product\/6258\/revisions\/6280"}],"wp:featuredmedia":[{"embeddable":true,"href":"https:\/\/www.dolawendy.pl\/en\/wp-json\/wp\/v2\/media\/6722"}],"wp:attachment":[{"href":"https:\/\/www.dolawendy.pl\/en\/wp-json\/wp\/v2\/media?parent=6258"}],"wp:term":[{"taxonomy":"product_brand","embeddable":true,"href":"https:\/\/www.dolawendy.pl\/en\/wp-json\/wp\/v2\/product_brand?post=6258"},{"taxonomy":"product_cat","embeddable":true,"href":"https:\/\/www.dolawendy.pl\/en\/wp-json\/wp\/v2\/product_cat?post=6258"},{"taxonomy":"product_tag","embeddable":true,"href":"https:\/\/www.dolawendy.pl\/en\/wp-json\/wp\/v2\/product_tag?post=6258"}],"curies":[{"name":"wp","href":"https:\/\/api.w.org\/{rel}","templated":true}]}}