{"id":6705,"date":"2026-02-22T18:04:47","date_gmt":"2026-02-22T17:04:47","guid":{"rendered":"https:\/\/www.dolawendy.pl\/?post_type=product&#038;p=6705"},"modified":"2026-04-22T12:14:04","modified_gmt":"2026-04-22T10:14:04","slug":"naturalne-mydlo-lawendowe-z-miodem","status":"publish","type":"product","link":"https:\/\/www.dolawendy.pl\/en\/product\/naturalne-mydlo-lawendowe-z-miodem\/","title":{"rendered":"Naturalne myd\u0142o lawendowe z miodem"},"content":{"rendered":"<div data-elementor-type=\"wp-post\" data-elementor-id=\"6705\" class=\"elementor elementor-6705\">\n\t\t\t\t<div class=\"elementor-element elementor-element-25a8dab7 e-flex e-con-boxed wpr-particle-no wpr-jarallax-no wpr-parallax-no wpr-sticky-section-no wpr-column-slider-no wpr-equal-height-no e-con e-parent\" data-id=\"25a8dab7\" data-element_type=\"container\" data-e-type=\"container\">\n\t\t\t\t\t<div class=\"e-con-inner\">\n\t\t\t\t<div class=\"elementor-element elementor-element-f720a2c elementor-widget elementor-widget-heading\" data-id=\"f720a2c\" data-element_type=\"widget\" data-e-type=\"widget\" data-widget_type=\"heading.default\">\n\t\t\t\t\t<h1 class=\"elementor-heading-title elementor-size-default\">Ro\u015blinna rewolucja w Twojej sypialni. Dlaczego naturalna poduszka do spania to wyb\u00f3r dla Ciebie?<\/h1>\t\t\t\t<\/div>\n\t\t\t\t<div class=\"elementor-element elementor-element-1208d90f elementor-widget elementor-widget-text-editor\" data-id=\"1208d90f\" data-element_type=\"widget\" data-e-type=\"widget\" data-widget_type=\"text-editor.default\">\n\t\t\t\t\t\t\t\t\t<p data-path-to-node=\"4\">Szukasz naturalnego sposobu na codzienn\u0105 piel\u0119gnacj\u0119, kt\u00f3ry poradzi sobie z niedoskona\u0142o\u015bciami, ale nie wysuszy sk\u00f3ry?\u00a0<\/p><p data-path-to-node=\"4\">\u00a0<\/p><p data-path-to-node=\"4\">Nasze klasyczne myd\u0142o Lawenda to odpowied\u017a. To nie tylko mycie \u2013 to terapia dla Twojej sk\u00f3ry.<\/p><p data-path-to-node=\"5\"><b>Moc podw\u00f3jnej lawendy<\/b> To, co wyr\u00f3\u017cnia nasz\u0105 kostk\u0119, to unikalna receptura. Nie poprzestali\u015bmy na olejku eterycznym. \u0141ug mydlany powsta\u0142 na bazie <b>mocnego naparu z kwiat\u00f3w lawendy<\/b>. Dodatek miodu sprawia, \u017ce myd\u0142o Lawenda z miodem jest jeszcze bardziej przyjazne dla suchej i wra\u017cliwej sk\u00f3ry. Dzi\u0119ki temu myd\u0142o zyskuje spot\u0119gowane w\u0142a\u015bciwo\u015bci tego niezwyk\u0142ego zio\u0142a:<\/p><p data-path-to-node=\"5\">\u00a0<\/p><ul data-path-to-node=\"6\"><li><p data-path-to-node=\"6,0,0\">dzia\u0142a antybakteryjnie i przeciwzapalnie,<\/p><\/li><li><p data-path-to-node=\"6,1,0\">wspomaga walk\u0119 z niedoskona\u0142o\u015bciami,<\/p><\/li><li><p data-path-to-node=\"6,2,0\">pomaga regulowa\u0107 wydzielanie sebum.<br \/><br \/><\/p><\/li><\/ul><p data-path-to-node=\"7\"><b>Sekret &#8222;dodatniego przet\u0142uszczenia&#8221;<\/b> W naszej manufakturze dbamy o to, aby myd\u0142o nie tylko my\u0142o, ale i od\u017cywia\u0142o. Zastosowali\u015bmy proces tzw. dodatniego przet\u0142uszczenia. Oznacza to, \u017ce cz\u0119\u015b\u0107 cennych olej\u00f3w (kokosowego, ry\u017cowego, ze s\u0142odkich migda\u0142\u00f3w i mas\u0142a shea) pozostaje w formie niezmydlonej. Tworz\u0105 one na Twojej sk\u00f3rze niewidoczn\u0105, ochronn\u0105 warstw\u0119, kt\u00f3ra zapobiega utracie wody i zapewnia mi\u0119kko\u015b\u0107 tu\u017c po k\u0105pieli.<\/p><p data-path-to-node=\"7\">\u00a0<\/p><p data-path-to-node=\"8\"><b>Wydajno\u015b\u0107 i komfort<\/b> Dzi\u0119ki dodatkowi cukru i octu, kostka jest twarda, niezwykle wydajna i nie rozmi\u0119ka na mydelniczce. Dodatki te minimalizuj\u0105 te\u017c powstawanie osadu, co sprawia, \u017ce u\u017cywanie tego myd\u0142a to czysta przyjemno\u015b\u0107.<\/p><p data-path-to-node=\"8\">\u00a0<\/p><p data-path-to-node=\"18\"><b>Kluczowe sk\u0142adniki aktywne:<\/b><\/p><p data-path-to-node=\"18\"><b>\u00a0<\/b><\/p><ul data-path-to-node=\"19\"><li><p data-path-to-node=\"19,0,0\"><b>Napar i olejek z lawendy:<\/b> relaks, dzia\u0142anie antybakteryjne i reguluj\u0105ce sebum.<\/p><\/li><li><p data-path-to-node=\"19,1,0\"><b>Mas\u0142o Shea i Olej ze s\u0142odkich migda\u0142\u00f3w:<\/b> g\u0142\u0119bokie od\u017cywienie i regeneracja.<\/p><\/li><li><p data-path-to-node=\"19,2,0\"><b>Olej kokosowy i ry\u017cowy:<\/b> delikatne mycie i piana.<\/p><\/li><li><p data-path-to-node=\"19,3,0\"><b>Cukier i kwas octowy:<\/b> twardo\u015b\u0107 kostki i brak osadu.<\/p><\/li><\/ul><p data-path-to-node=\"20\"><b>\u00a0<\/b><\/p><p data-path-to-node=\"20\"><b>Pe\u0142ny sk\u0142ad:<\/b><br \/>Olej kokosowy, olej ry\u017cowy, olej s\u0142onecznikowy, mas\u0142o shea, olej ze s\u0142odkich migda\u0142\u00f3w, cukier, mi\u00f3d, olejek eteryczny lawendowy, kwas octowy, kwiat lawendy, mika, gliceryna.<br \/><br \/><\/p><p data-path-to-node=\"21\"><b>INCI:<\/b><br \/>SODIUM COCOATE, SODIUM RICE BRANATE, SODIUM SUNFLOWERATE, SODIUM SHEABUTTERATE, SODIUM SWEET ALMONDATE, SUCROSE, MEL (HONEY), LAVANDULA HYBRIDA GROSSO OIL, SODIUM ACETATE, LAVANDULA ANGUSTIFOLIA FLOWER, MICA CI77019, TITANIUM DIOXIDE CI 77891, BASIC VIOLET 14 CI42510, TIN OXIDE CI77861, GLYCERIN, LINALOOL, LIMONENE, GERANIOL.<\/p><p data-path-to-node=\"22\"><b>\u00a0<\/b><\/p><p data-path-to-node=\"22\"><b>Bezpiecze\u0144stwo stosowania:<\/b><br \/>Produkt przeznaczony dla dzieci powy\u017cej 3. roku \u017cycia i doros\u0142ych. Nale\u017cy unika\u0107 bezpo\u015bredniego kontaktu z oczami. W razie dostania si\u0119 produktu do oczu, przemy\u0107 du\u017c\u0105 ilo\u015bci\u0105 wody.<\/p>\t\t\t\t\t\t\t\t<\/div>\n\t\t\t\t\t<\/div>\n\t\t\t\t<\/div>\n\t\t\t\t<\/div>","protected":false},"excerpt":{"rendered":"<p>Ro\u015blinna rewolucja w Twojej sypialni. Dlaczego naturalna poduszka do spania to wyb\u00f3r dla Ciebie? Szukasz naturalnego sposobu na codzienn\u0105 piel\u0119gnacj\u0119, kt\u00f3ry poradzi sobie z niedoskona\u0142o\u015bciami, ale nie wysuszy sk\u00f3ry? Nasze klasyczne myd\u0142o Lawenda to odpowied\u017a. To nie tylko mycie \u2013 to terapia dla Twojej sk\u00f3ry. Moc podw\u00f3jnej lawendy To, co wyr\u00f3\u017cnia nasz\u0105 kostk\u0119, to unikalna receptura. Nie poprzestali\u015bmy na olejku eterycznym. \u0141ug mydlany powsta\u0142 na bazie mocnego naparu z kwiat\u00f3w lawendy. Dodatek miodu sprawia, \u017ce myd\u0142o Lawenda z miodem jest jeszcze bardziej przyjazne dla suchej i wra\u017cliwej sk\u00f3ry. Dzi\u0119ki temu myd\u0142o zyskuje spot\u0119gowane w\u0142a\u015bciwo\u015bci tego niezwyk\u0142ego zio\u0142a: dzia\u0142a antybakteryjnie i przeciwzapalnie, wspomaga walk\u0119 z niedoskona\u0142o\u015bciami, pomaga regulowa\u0107 wydzielanie sebum. Sekret &#8222;dodatniego przet\u0142uszczenia&#8221; W naszej manufakturze dbamy o to, aby myd\u0142o nie tylko my\u0142o, ale i od\u017cywia\u0142o. Zastosowali\u015bmy proces tzw. dodatniego przet\u0142uszczenia. Oznacza to, \u017ce cz\u0119\u015b\u0107 cennych olej\u00f3w (kokosowego, ry\u017cowego, ze s\u0142odkich migda\u0142\u00f3w i mas\u0142a shea) pozostaje w formie niezmydlonej. Tworz\u0105 one na Twojej sk\u00f3rze niewidoczn\u0105, ochronn\u0105 warstw\u0119, kt\u00f3ra zapobiega utracie wody i zapewnia mi\u0119kko\u015b\u0107 tu\u017c po k\u0105pieli. Wydajno\u015b\u0107 i komfort Dzi\u0119ki dodatkowi cukru i octu, kostka jest twarda, niezwykle wydajna i nie rozmi\u0119ka na mydelniczce. Dodatki te minimalizuj\u0105 te\u017c powstawanie osadu, co sprawia, \u017ce u\u017cywanie tego myd\u0142a to czysta przyjemno\u015b\u0107. Kluczowe sk\u0142adniki aktywne: \u00a0 Napar i olejek z lawendy: relaks, dzia\u0142anie antybakteryjne i reguluj\u0105ce sebum. Mas\u0142o Shea i Olej ze s\u0142odkich migda\u0142\u00f3w: g\u0142\u0119bokie od\u017cywienie i regeneracja. Olej kokosowy i ry\u017cowy: delikatne mycie i piana. Cukier i kwas octowy: twardo\u015b\u0107 kostki i brak osadu. \u00a0 Pe\u0142ny sk\u0142ad: Olej kokosowy, olej ry\u017cowy, olej s\u0142onecznikowy, mas\u0142o shea, olej ze s\u0142odkich migda\u0142\u00f3w, cukier, mi\u00f3d, olejek eteryczny lawendowy, kwas octowy, kwiat lawendy, mika, gliceryna. INCI: SODIUM COCOATE, SODIUM RICE BRANATE, SODIUM SUNFLOWERATE, SODIUM SHEABUTTERATE, SODIUM SWEET ALMONDATE, SUCROSE, MEL (HONEY), LAVANDULA HYBRIDA GROSSO OIL, SODIUM ACETATE, LAVANDULA ANGUSTIFOLIA FLOWER, MICA CI77019, TITANIUM DIOXIDE CI 77891, BASIC VIOLET 14 CI42510, TIN OXIDE CI77861, GLYCERIN, LINALOOL, LIMONENE, GERANIOL. \u00a0 Bezpiecze\u0144stwo stosowania: Produkt przeznaczony dla dzieci powy\u017cej 3. roku \u017cycia i doros\u0142ych. Nale\u017cy unika\u0107 bezpo\u015bredniego kontaktu z oczami. W razie dostania si\u0119 produktu do oczu, przemy\u0107 du\u017c\u0105 ilo\u015bci\u0105 wody.<\/p>","protected":false},"featured_media":6708,"comment_status":"open","ping_status":"closed","template":"","meta":[],"product_brand":[],"product_cat":[46,47],"product_tag":[],"class_list":{"0":"post-6705","1":"product","2":"type-product","3":"status-publish","4":"has-post-thumbnail","6":"product_cat-aromaterapia","7":"product_cat-kosmetyki-naturalne","9":"first","10":"instock","11":"taxable","12":"shipping-taxable","13":"purchasable","14":"product-type-simple"},"aioseo_notices":[],"jetpack_sharing_enabled":true,"_links":{"self":[{"href":"https:\/\/www.dolawendy.pl\/en\/wp-json\/wp\/v2\/product\/6705","targetHints":{"allow":["GET"]}}],"collection":[{"href":"https:\/\/www.dolawendy.pl\/en\/wp-json\/wp\/v2\/product"}],"about":[{"href":"https:\/\/www.dolawendy.pl\/en\/wp-json\/wp\/v2\/types\/product"}],"replies":[{"embeddable":true,"href":"https:\/\/www.dolawendy.pl\/en\/wp-json\/wp\/v2\/comments?post=6705"}],"version-history":[{"count":6,"href":"https:\/\/www.dolawendy.pl\/en\/wp-json\/wp\/v2\/product\/6705\/revisions"}],"predecessor-version":[{"id":6713,"href":"https:\/\/www.dolawendy.pl\/en\/wp-json\/wp\/v2\/product\/6705\/revisions\/6713"}],"wp:featuredmedia":[{"embeddable":true,"href":"https:\/\/www.dolawendy.pl\/en\/wp-json\/wp\/v2\/media\/6708"}],"wp:attachment":[{"href":"https:\/\/www.dolawendy.pl\/en\/wp-json\/wp\/v2\/media?parent=6705"}],"wp:term":[{"taxonomy":"product_brand","embeddable":true,"href":"https:\/\/www.dolawendy.pl\/en\/wp-json\/wp\/v2\/product_brand?post=6705"},{"taxonomy":"product_cat","embeddable":true,"href":"https:\/\/www.dolawendy.pl\/en\/wp-json\/wp\/v2\/product_cat?post=6705"},{"taxonomy":"product_tag","embeddable":true,"href":"https:\/\/www.dolawendy.pl\/en\/wp-json\/wp\/v2\/product_tag?post=6705"}],"curies":[{"name":"wp","href":"https:\/\/api.w.org\/{rel}","templated":true}]}}